{"id":1508,"date":"2023-07-08T12:35:23","date_gmt":"2023-07-08T10:35:23","guid":{"rendered":"https:\/\/zaik.cc\/?post_type=product&#038;p=1508"},"modified":"2025-09-25T13:18:51","modified_gmt":"2025-09-25T11:18:51","slug":"camiseta-interior-s-m-rejilla-hombre","status":"publish","type":"product","link":"https:\/\/zaik.cc\/en\/product\/camiseta-interior-s-m-rejilla-hombre\/","title":{"rendered":"Camiseta Interior  Rejilla Hombre"},"content":{"rendered":"<p>The ZAIK.CC men's mesh sleeveless undershirt is a precision engineered garment designed to provide maximum comfort and performance for cyclists. This piece is an essential for any cycling enthusiast, offering the perfect combination of breathability, fit and style.<\/p>\n<p>The high quality mesh fabric used in this undershirt provides excellent ventilation, allowing air to circulate freely through the garment. This not only keeps the rider cool on hot days, but also helps to wick moisture away from the body, keeping the rider dry and comfortable during even the most intense workouts.<\/p>\n<p>The jersey has a sleeveless cut that provides total freedom of movement, allowing the arms to move without restriction during each pedal stroke. The close fit ensures that the garment fits perfectly, reducing wind resistance and improving aerodynamics while riding at high speed. The distinctive zaik.cc logo, strategically placed on the front of the jersey, not only adds a touch of style but also represents the quality and performance associated with the brand.<\/p>\n<p>The combination of durable materials ensures that this garment will stand up to the constant wear and tear of cycling, providing reliable performance season after season.<\/p>","protected":false},"excerpt":{"rendered":"<p>La camiseta interior sin mangas con rejilla para hombre de ZAIK.CC es una prenda dise\u00f1ada con precisi\u00f3n para brindar el m\u00e1ximo confort y rendimiento a los ciclistas. Esta pieza es esencial para cualquier entusiasta del ciclismo, ya que ofrece una combinaci\u00f3n perfecta de transpirabilidad, ajuste y estilo. El tejido de rejilla de alta calidad utilizado [&hellip;]<\/p>","protected":false},"featured_media":1522,"template":"","meta":{"_acf_changed":false},"product_brand":[],"product_cat":[30,25],"product_tag":[66,148,150,149,145,143],"class_list":{"0":"post-1508","1":"product","2":"type-product","3":"status-publish","4":"has-post-thumbnail","6":"product_cat-camisetas-interiores-hombre","7":"product_cat-hombre","8":"product_tag-camiseta-interior","9":"product_tag-camiseta-interior-ciclismo","10":"product_tag-camiseta-interior-hombre","11":"product_tag-camiseta-interior-hombre-verano","12":"product_tag-camiseta-interior-sin-mangas","13":"product_tag-camiseta-interior-verano","15":"first","16":"instock","17":"taxable","18":"shipping-taxable","19":"purchasable","20":"product-type-variable"},"acf":[],"yoast_head":"<!-- This site is optimized with the Yoast SEO plugin v26.2 - https:\/\/yoast.com\/wordpress\/plugins\/seo\/ -->\n<title>Camiseta Interior Rejilla Hombre - ZAIK<\/title>\n<meta name=\"description\" content=\"La camiseta interior sin mangas con rejilla para hombre de ZAIK.CC es una prenda dise\u00f1ada con precisi\u00f3n para brindar el m\u00e1ximo confort a los ciclistas.\" \/>\n<meta name=\"robots\" content=\"index, follow, max-snippet:-1, max-image-preview:large, max-video-preview:-1\" \/>\n<link rel=\"canonical\" href=\"https:\/\/zaik.cc\/en\/product\/camiseta-interior-s-m-rejilla-hombre\/\" \/>\n<meta property=\"og:locale\" content=\"en_GB\" \/>\n<meta property=\"og:type\" content=\"article\" \/>\n<meta property=\"og:title\" content=\"Camiseta Interior Rejilla Hombre - ZAIK\" \/>\n<meta property=\"og:description\" content=\"La camiseta interior sin mangas con rejilla para hombre de ZAIK.CC es una prenda dise\u00f1ada con precisi\u00f3n para brindar el m\u00e1ximo confort a los ciclistas.\" \/>\n<meta property=\"og:url\" content=\"https:\/\/zaik.cc\/en\/product\/camiseta-interior-s-m-rejilla-hombre\/\" \/>\n<meta property=\"og:site_name\" content=\"ZAIK\" \/>\n<meta property=\"article:modified_time\" content=\"2025-09-25T11:18:51+00:00\" \/>\n<meta property=\"og:image\" content=\"https:\/\/zaik.cc\/wp-content\/uploads\/2024\/01\/P1042398.jpg\" \/>\n\t<meta property=\"og:image:width\" content=\"1080\" \/>\n\t<meta property=\"og:image:height\" content=\"1618\" \/>\n\t<meta property=\"og:image:type\" content=\"image\/jpeg\" \/>\n<meta name=\"twitter:card\" content=\"summary_large_image\" \/>\n<meta name=\"twitter:label1\" content=\"Estimated reading time\" \/>\n\t<meta name=\"twitter:data1\" content=\"2 minutes\" \/>\n<script type=\"application\/ld+json\" class=\"yoast-schema-graph\">{\"@context\":\"https:\/\/schema.org\",\"@graph\":[{\"@type\":\"WebPage\",\"@id\":\"https:\/\/zaik.cc\/producto\/camiseta-interior-s-m-rejilla-hombre\/\",\"url\":\"https:\/\/zaik.cc\/producto\/camiseta-interior-s-m-rejilla-hombre\/\",\"name\":\"Camiseta Interior Rejilla Hombre - ZAIK\",\"isPartOf\":{\"@id\":\"https:\/\/zaik.cc\/#website\"},\"primaryImageOfPage\":{\"@id\":\"https:\/\/zaik.cc\/producto\/camiseta-interior-s-m-rejilla-hombre\/#primaryimage\"},\"image\":{\"@id\":\"https:\/\/zaik.cc\/producto\/camiseta-interior-s-m-rejilla-hombre\/#primaryimage\"},\"thumbnailUrl\":\"https:\/\/zaik.cc\/wp-content\/uploads\/2024\/01\/P1042398.jpg\",\"datePublished\":\"2023-07-08T10:35:23+00:00\",\"dateModified\":\"2025-09-25T11:18:51+00:00\",\"description\":\"La camiseta interior sin mangas con rejilla para hombre de ZAIK.CC es una prenda dise\u00f1ada con precisi\u00f3n para brindar el m\u00e1ximo confort a los ciclistas.\",\"breadcrumb\":{\"@id\":\"https:\/\/zaik.cc\/producto\/camiseta-interior-s-m-rejilla-hombre\/#breadcrumb\"},\"inLanguage\":\"en-GB\",\"potentialAction\":[{\"@type\":\"ReadAction\",\"target\":[\"https:\/\/zaik.cc\/producto\/camiseta-interior-s-m-rejilla-hombre\/\"]}]},{\"@type\":\"ImageObject\",\"inLanguage\":\"en-GB\",\"@id\":\"https:\/\/zaik.cc\/producto\/camiseta-interior-s-m-rejilla-hombre\/#primaryimage\",\"url\":\"https:\/\/zaik.cc\/wp-content\/uploads\/2024\/01\/P1042398.jpg\",\"contentUrl\":\"https:\/\/zaik.cc\/wp-content\/uploads\/2024\/01\/P1042398.jpg\",\"width\":1080,\"height\":1618,\"caption\":\"zaik camiseta interior rejilla hombre\"},{\"@type\":\"BreadcrumbList\",\"@id\":\"https:\/\/zaik.cc\/producto\/camiseta-interior-s-m-rejilla-hombre\/#breadcrumb\",\"itemListElement\":[{\"@type\":\"ListItem\",\"position\":1,\"name\":\"Home\",\"item\":\"https:\/\/zaik.cc\/\"},{\"@type\":\"ListItem\",\"position\":2,\"name\":\"Products\",\"item\":\"https:\/\/zaik.cc\/tienda__trashed\/\"},{\"@type\":\"ListItem\",\"position\":3,\"name\":\"Camiseta Interior Rejilla Hombre\"}]},{\"@type\":\"WebSite\",\"@id\":\"https:\/\/zaik.cc\/#website\",\"url\":\"https:\/\/zaik.cc\/\",\"name\":\"ZAIK.CC\",\"description\":\"Cycling community\",\"publisher\":{\"@id\":\"https:\/\/zaik.cc\/#organization\"},\"potentialAction\":[{\"@type\":\"SearchAction\",\"target\":{\"@type\":\"EntryPoint\",\"urlTemplate\":\"https:\/\/zaik.cc\/?s={search_term_string}\"},\"query-input\":{\"@type\":\"PropertyValueSpecification\",\"valueRequired\":true,\"valueName\":\"search_term_string\"}}],\"inLanguage\":\"en-GB\"},{\"@type\":\"Organization\",\"@id\":\"https:\/\/zaik.cc\/#organization\",\"name\":\"ZAIK.CC\",\"url\":\"https:\/\/zaik.cc\/\",\"logo\":{\"@type\":\"ImageObject\",\"inLanguage\":\"en-GB\",\"@id\":\"https:\/\/zaik.cc\/#\/schema\/logo\/image\/\",\"url\":\"https:\/\/zaik.cc\/wp-content\/uploads\/2023\/11\/ZAIK-logo.png\",\"contentUrl\":\"https:\/\/zaik.cc\/wp-content\/uploads\/2023\/11\/ZAIK-logo.png\",\"width\":3746,\"height\":2337,\"caption\":\"ZAIK.CC\"},\"image\":{\"@id\":\"https:\/\/zaik.cc\/#\/schema\/logo\/image\/\"},\"sameAs\":[\"https:\/\/www.instagram.com\/zaik__cc\/\"]}]}<\/script>\n<!-- \/ Yoast SEO plugin. -->","yoast_head_json":{"title":"Camiseta Interior Rejilla Hombre - ZAIK","description":"La camiseta interior sin mangas con rejilla para hombre de ZAIK.CC es una prenda dise\u00f1ada con precisi\u00f3n para brindar el m\u00e1ximo confort a los ciclistas.","robots":{"index":"index","follow":"follow","max-snippet":"max-snippet:-1","max-image-preview":"max-image-preview:large","max-video-preview":"max-video-preview:-1"},"canonical":"https:\/\/zaik.cc\/en\/product\/camiseta-interior-s-m-rejilla-hombre\/","og_locale":"en_GB","og_type":"article","og_title":"Camiseta Interior Rejilla Hombre - ZAIK","og_description":"La camiseta interior sin mangas con rejilla para hombre de ZAIK.CC es una prenda dise\u00f1ada con precisi\u00f3n para brindar el m\u00e1ximo confort a los ciclistas.","og_url":"https:\/\/zaik.cc\/en\/product\/camiseta-interior-s-m-rejilla-hombre\/","og_site_name":"ZAIK","article_modified_time":"2025-09-25T11:18:51+00:00","og_image":[{"width":1080,"height":1618,"url":"https:\/\/zaik.cc\/wp-content\/uploads\/2024\/01\/P1042398.jpg","type":"image\/jpeg"}],"twitter_card":"summary_large_image","twitter_misc":{"Estimated reading time":"2 minutes"},"schema":{"@context":"https:\/\/schema.org","@graph":[{"@type":"WebPage","@id":"https:\/\/zaik.cc\/producto\/camiseta-interior-s-m-rejilla-hombre\/","url":"https:\/\/zaik.cc\/producto\/camiseta-interior-s-m-rejilla-hombre\/","name":"Camiseta Interior Rejilla Hombre - ZAIK","isPartOf":{"@id":"https:\/\/zaik.cc\/#website"},"primaryImageOfPage":{"@id":"https:\/\/zaik.cc\/producto\/camiseta-interior-s-m-rejilla-hombre\/#primaryimage"},"image":{"@id":"https:\/\/zaik.cc\/producto\/camiseta-interior-s-m-rejilla-hombre\/#primaryimage"},"thumbnailUrl":"https:\/\/zaik.cc\/wp-content\/uploads\/2024\/01\/P1042398.jpg","datePublished":"2023-07-08T10:35:23+00:00","dateModified":"2025-09-25T11:18:51+00:00","description":"La camiseta interior sin mangas con rejilla para hombre de ZAIK.CC es una prenda dise\u00f1ada con precisi\u00f3n para brindar el m\u00e1ximo confort a los ciclistas.","breadcrumb":{"@id":"https:\/\/zaik.cc\/producto\/camiseta-interior-s-m-rejilla-hombre\/#breadcrumb"},"inLanguage":"en-GB","potentialAction":[{"@type":"ReadAction","target":["https:\/\/zaik.cc\/producto\/camiseta-interior-s-m-rejilla-hombre\/"]}]},{"@type":"ImageObject","inLanguage":"en-GB","@id":"https:\/\/zaik.cc\/producto\/camiseta-interior-s-m-rejilla-hombre\/#primaryimage","url":"https:\/\/zaik.cc\/wp-content\/uploads\/2024\/01\/P1042398.jpg","contentUrl":"https:\/\/zaik.cc\/wp-content\/uploads\/2024\/01\/P1042398.jpg","width":1080,"height":1618,"caption":"zaik camiseta interior rejilla hombre"},{"@type":"BreadcrumbList","@id":"https:\/\/zaik.cc\/producto\/camiseta-interior-s-m-rejilla-hombre\/#breadcrumb","itemListElement":[{"@type":"ListItem","position":1,"name":"Home","item":"https:\/\/zaik.cc\/"},{"@type":"ListItem","position":2,"name":"Products","item":"https:\/\/zaik.cc\/tienda__trashed\/"},{"@type":"ListItem","position":3,"name":"Camiseta Interior Rejilla Hombre"}]},{"@type":"WebSite","@id":"https:\/\/zaik.cc\/#website","url":"https:\/\/zaik.cc\/","name":"ZAIK.CC","description":"Cycling community","publisher":{"@id":"https:\/\/zaik.cc\/#organization"},"potentialAction":[{"@type":"SearchAction","target":{"@type":"EntryPoint","urlTemplate":"https:\/\/zaik.cc\/?s={search_term_string}"},"query-input":{"@type":"PropertyValueSpecification","valueRequired":true,"valueName":"search_term_string"}}],"inLanguage":"en-GB"},{"@type":"Organization","@id":"https:\/\/zaik.cc\/#organization","name":"ZAIK.CC","url":"https:\/\/zaik.cc\/","logo":{"@type":"ImageObject","inLanguage":"en-GB","@id":"https:\/\/zaik.cc\/#\/schema\/logo\/image\/","url":"https:\/\/zaik.cc\/wp-content\/uploads\/2023\/11\/ZAIK-logo.png","contentUrl":"https:\/\/zaik.cc\/wp-content\/uploads\/2023\/11\/ZAIK-logo.png","width":3746,"height":2337,"caption":"ZAIK.CC"},"image":{"@id":"https:\/\/zaik.cc\/#\/schema\/logo\/image\/"},"sameAs":["https:\/\/www.instagram.com\/zaik__cc\/"]}]}},"_links":{"self":[{"href":"https:\/\/zaik.cc\/en\/wp-json\/wp\/v2\/product\/1508","targetHints":{"allow":["GET"]}}],"collection":[{"href":"https:\/\/zaik.cc\/en\/wp-json\/wp\/v2\/product"}],"about":[{"href":"https:\/\/zaik.cc\/en\/wp-json\/wp\/v2\/types\/product"}],"wp:featuredmedia":[{"embeddable":true,"href":"https:\/\/zaik.cc\/en\/wp-json\/wp\/v2\/media\/1522"}],"wp:attachment":[{"href":"https:\/\/zaik.cc\/en\/wp-json\/wp\/v2\/media?parent=1508"}],"wp:term":[{"taxonomy":"product_brand","embeddable":true,"href":"https:\/\/zaik.cc\/en\/wp-json\/wp\/v2\/product_brand?post=1508"},{"taxonomy":"product_cat","embeddable":true,"href":"https:\/\/zaik.cc\/en\/wp-json\/wp\/v2\/product_cat?post=1508"},{"taxonomy":"product_tag","embeddable":true,"href":"https:\/\/zaik.cc\/en\/wp-json\/wp\/v2\/product_tag?post=1508"}],"curies":[{"name":"wp","href":"https:\/\/api.w.org\/{rel}","templated":true}]}}