{"id":600,"date":"2023-10-26T22:04:59","date_gmt":"2023-10-26T22:04:59","guid":{"rendered":"https:\/\/zaik.pruebaensilencio.es\/?post_type=product&#038;p=600"},"modified":"2026-05-07T15:36:17","modified_gmt":"2026-05-07T13:36:17","slug":"camiseta-interior-protect-hombre","status":"publish","type":"product","link":"https:\/\/zaik.cc\/en\/product\/camiseta-interior-protect-hombre\/","title":{"rendered":"PROTECT Men's Base Layer"},"content":{"rendered":"<p>Immerse yourself in performance excellence with the Zaik.cc Men's Protect Undershirt, a first layer polypropylene garment that has been successful in previous seasons. This jersey redefines protection, seamlessly fusing water and wind resistance with exceptional breathability.<\/p>\n<p>The polypropylene fabric not only stands out for its ability to repel the elements, but also provides unbeatable comfort. The soft next-to-skin feel and snug fit make this vest a natural choice for tackling winter weather challenges. You no longer need to wear a third layer, as this undershirt provides the protection you need during the most demanding workouts.<\/p>\n<p>With an optimal temperature range of -5\u00b0C to 10\u00b0C, the Protect Men's Undershirt is the ideal choice for cold and rainy conditions. Its ability to maintain proper body temperature is crucial for performance, allowing you to focus on pushing your limits without worrying about the weather.<\/p>\n<p>The T-shirt not only stands out for its functionality, but also for its durability and style. Meticulous attention to design is reflected in every detail, from the stitching to the zip. This garment not only protects you, but also elevates you to new levels of style and confidence.<\/p>\n<p>Be ready to face any weather conditions with the Zaik.cc Men's Protect Undershirt. Discover a new dimension of comfort and performance as you conquer the road in confidence and style. Innovation and quality come together in this garment, marking a new era in the winter cycling experience.<\/p>","protected":false},"excerpt":{"rendered":"<p>Sum\u00e9rgete en la excelencia del rendimiento con la Camiseta Interior Protect Hombre de Zaik.cc, una prenda de polipropileno de primera capa que ha cosechado \u00e9xitos en temporadas anteriores. Esta camiseta redefine la protecci\u00f3n, fusionando a la perfecci\u00f3n resistencia al agua y al viento con una transpirabilidad excepcional. El tejido de polipropileno no solo se destaca [&hellip;]<\/p>\n","protected":false},"featured_media":514,"template":"","meta":{"_acf_changed":false},"product_brand":[],"product_cat":[30,25],"product_tag":[66,70,69,67],"class_list":{"0":"post-600","1":"product","2":"type-product","3":"status-publish","4":"has-post-thumbnail","6":"product_cat-camisetas-interiores-hombre","7":"product_cat-hombre","8":"product_tag-camiseta-interior","9":"product_tag-camiseta-interior-impermeable","10":"product_tag-camiseta-interior-protect","11":"product_tag-camiseta-termica","13":"first","14":"instock","15":"taxable","16":"shipping-taxable","17":"purchasable","18":"product-type-variable"},"acf":[],"yoast_head":"<!-- This site is optimized with the Yoast SEO plugin v27.5 - https:\/\/yoast.com\/product\/yoast-seo-wordpress\/ -->\n<title>Camiseta Interior Protect Hombre - ZAIK<\/title>\n<meta name=\"description\" content=\"Optimiza tu confort en climas fr\u00edos con la Camiseta Interior Protect Hombre de Zaik.cc. Protecci\u00f3n t\u00e9rmica superior con estilo excepcional.\" \/>\n<meta name=\"robots\" content=\"index, follow, max-snippet:-1, max-image-preview:large, max-video-preview:-1\" \/>\n<link rel=\"canonical\" href=\"https:\/\/zaik.cc\/en\/product\/camiseta-interior-protect-hombre\/\" \/>\n<meta property=\"og:locale\" content=\"en_GB\" \/>\n<meta property=\"og:type\" content=\"article\" \/>\n<meta property=\"og:title\" content=\"Camiseta Interior Protect Hombre - ZAIK\" \/>\n<meta property=\"og:description\" content=\"Optimiza tu confort en climas fr\u00edos con la Camiseta Interior Protect Hombre de Zaik.cc. Protecci\u00f3n t\u00e9rmica superior con estilo excepcional.\" \/>\n<meta property=\"og:url\" content=\"https:\/\/zaik.cc\/en\/product\/camiseta-interior-protect-hombre\/\" \/>\n<meta property=\"og:site_name\" content=\"ZAIK\" \/>\n<meta property=\"article:modified_time\" content=\"2026-05-07T13:36:17+00:00\" \/>\n<meta property=\"og:image\" content=\"https:\/\/zaik.cc\/wp-content\/uploads\/2023\/10\/P1043596-scaled.jpg\" \/>\n\t<meta property=\"og:image:width\" content=\"1708\" \/>\n\t<meta property=\"og:image:height\" content=\"2560\" \/>\n\t<meta property=\"og:image:type\" content=\"image\/jpeg\" \/>\n<meta name=\"twitter:card\" content=\"summary_large_image\" \/>\n<meta name=\"twitter:label1\" content=\"Estimated reading time\" \/>\n\t<meta name=\"twitter:data1\" content=\"2 minutes\" \/>\n<script type=\"application\/ld+json\" class=\"yoast-schema-graph\">{\"@context\":\"https:\\\/\\\/schema.org\",\"@graph\":[{\"@type\":\"WebPage\",\"@id\":\"https:\\\/\\\/zaik.cc\\\/producto\\\/camiseta-interior-protect-hombre\\\/\",\"url\":\"https:\\\/\\\/zaik.cc\\\/producto\\\/camiseta-interior-protect-hombre\\\/\",\"name\":\"Camiseta Interior Protect Hombre - ZAIK\",\"isPartOf\":{\"@id\":\"https:\\\/\\\/zaik.cc\\\/#website\"},\"primaryImageOfPage\":{\"@id\":\"https:\\\/\\\/zaik.cc\\\/producto\\\/camiseta-interior-protect-hombre\\\/#primaryimage\"},\"image\":{\"@id\":\"https:\\\/\\\/zaik.cc\\\/producto\\\/camiseta-interior-protect-hombre\\\/#primaryimage\"},\"thumbnailUrl\":\"https:\\\/\\\/zaik.cc\\\/wp-content\\\/uploads\\\/2023\\\/10\\\/P1043596-scaled.jpg\",\"datePublished\":\"2023-10-26T22:04:59+00:00\",\"dateModified\":\"2026-05-07T13:36:17+00:00\",\"description\":\"Optimiza tu confort en climas fr\u00edos con la Camiseta Interior Protect Hombre de Zaik.cc. Protecci\u00f3n t\u00e9rmica superior con estilo excepcional.\",\"breadcrumb\":{\"@id\":\"https:\\\/\\\/zaik.cc\\\/producto\\\/camiseta-interior-protect-hombre\\\/#breadcrumb\"},\"inLanguage\":\"en-GB\",\"potentialAction\":[{\"@type\":\"ReadAction\",\"target\":[\"https:\\\/\\\/zaik.cc\\\/producto\\\/camiseta-interior-protect-hombre\\\/\"]}]},{\"@type\":\"ImageObject\",\"inLanguage\":\"en-GB\",\"@id\":\"https:\\\/\\\/zaik.cc\\\/producto\\\/camiseta-interior-protect-hombre\\\/#primaryimage\",\"url\":\"https:\\\/\\\/zaik.cc\\\/wp-content\\\/uploads\\\/2023\\\/10\\\/P1043596-scaled.jpg\",\"contentUrl\":\"https:\\\/\\\/zaik.cc\\\/wp-content\\\/uploads\\\/2023\\\/10\\\/P1043596-scaled.jpg\",\"width\":1708,\"height\":2560},{\"@type\":\"BreadcrumbList\",\"@id\":\"https:\\\/\\\/zaik.cc\\\/producto\\\/camiseta-interior-protect-hombre\\\/#breadcrumb\",\"itemListElement\":[{\"@type\":\"ListItem\",\"position\":1,\"name\":\"Home\",\"item\":\"https:\\\/\\\/zaik.cc\\\/\"},{\"@type\":\"ListItem\",\"position\":2,\"name\":\"Products\",\"item\":\"https:\\\/\\\/zaik.cc\\\/tienda__trashed\\\/\"},{\"@type\":\"ListItem\",\"position\":3,\"name\":\"Camiseta Interior Protect Hombre\"}]},{\"@type\":\"WebSite\",\"@id\":\"https:\\\/\\\/zaik.cc\\\/#website\",\"url\":\"https:\\\/\\\/zaik.cc\\\/\",\"name\":\"ZAIK.CC\",\"description\":\"Cycling community\",\"publisher\":{\"@id\":\"https:\\\/\\\/zaik.cc\\\/#organization\"},\"potentialAction\":[{\"@type\":\"SearchAction\",\"target\":{\"@type\":\"EntryPoint\",\"urlTemplate\":\"https:\\\/\\\/zaik.cc\\\/?s={search_term_string}\"},\"query-input\":{\"@type\":\"PropertyValueSpecification\",\"valueRequired\":true,\"valueName\":\"search_term_string\"}}],\"inLanguage\":\"en-GB\"},{\"@type\":\"Organization\",\"@id\":\"https:\\\/\\\/zaik.cc\\\/#organization\",\"name\":\"ZAIK.CC\",\"url\":\"https:\\\/\\\/zaik.cc\\\/\",\"logo\":{\"@type\":\"ImageObject\",\"inLanguage\":\"en-GB\",\"@id\":\"https:\\\/\\\/zaik.cc\\\/#\\\/schema\\\/logo\\\/image\\\/\",\"url\":\"https:\\\/\\\/zaik.cc\\\/wp-content\\\/uploads\\\/2023\\\/11\\\/ZAIK-logo.png\",\"contentUrl\":\"https:\\\/\\\/zaik.cc\\\/wp-content\\\/uploads\\\/2023\\\/11\\\/ZAIK-logo.png\",\"width\":3746,\"height\":2337,\"caption\":\"ZAIK.CC\"},\"image\":{\"@id\":\"https:\\\/\\\/zaik.cc\\\/#\\\/schema\\\/logo\\\/image\\\/\"},\"sameAs\":[\"https:\\\/\\\/www.instagram.com\\\/zaik__cc\\\/\"]}]}<\/script>\n<!-- \/ Yoast SEO plugin. -->","yoast_head_json":{"title":"Camiseta Interior Protect Hombre - ZAIK","description":"Optimiza tu confort en climas fr\u00edos con la Camiseta Interior Protect Hombre de Zaik.cc. Protecci\u00f3n t\u00e9rmica superior con estilo excepcional.","robots":{"index":"index","follow":"follow","max-snippet":"max-snippet:-1","max-image-preview":"max-image-preview:large","max-video-preview":"max-video-preview:-1"},"canonical":"https:\/\/zaik.cc\/en\/product\/camiseta-interior-protect-hombre\/","og_locale":"en_GB","og_type":"article","og_title":"Camiseta Interior Protect Hombre - ZAIK","og_description":"Optimiza tu confort en climas fr\u00edos con la Camiseta Interior Protect Hombre de Zaik.cc. Protecci\u00f3n t\u00e9rmica superior con estilo excepcional.","og_url":"https:\/\/zaik.cc\/en\/product\/camiseta-interior-protect-hombre\/","og_site_name":"ZAIK","article_modified_time":"2026-05-07T13:36:17+00:00","og_image":[{"width":1708,"height":2560,"url":"https:\/\/zaik.cc\/wp-content\/uploads\/2023\/10\/P1043596-scaled.jpg","type":"image\/jpeg"}],"twitter_card":"summary_large_image","twitter_misc":{"Estimated reading time":"2 minutes"},"schema":{"@context":"https:\/\/schema.org","@graph":[{"@type":"WebPage","@id":"https:\/\/zaik.cc\/producto\/camiseta-interior-protect-hombre\/","url":"https:\/\/zaik.cc\/producto\/camiseta-interior-protect-hombre\/","name":"Camiseta Interior Protect Hombre - ZAIK","isPartOf":{"@id":"https:\/\/zaik.cc\/#website"},"primaryImageOfPage":{"@id":"https:\/\/zaik.cc\/producto\/camiseta-interior-protect-hombre\/#primaryimage"},"image":{"@id":"https:\/\/zaik.cc\/producto\/camiseta-interior-protect-hombre\/#primaryimage"},"thumbnailUrl":"https:\/\/zaik.cc\/wp-content\/uploads\/2023\/10\/P1043596-scaled.jpg","datePublished":"2023-10-26T22:04:59+00:00","dateModified":"2026-05-07T13:36:17+00:00","description":"Optimiza tu confort en climas fr\u00edos con la Camiseta Interior Protect Hombre de Zaik.cc. Protecci\u00f3n t\u00e9rmica superior con estilo excepcional.","breadcrumb":{"@id":"https:\/\/zaik.cc\/producto\/camiseta-interior-protect-hombre\/#breadcrumb"},"inLanguage":"en-GB","potentialAction":[{"@type":"ReadAction","target":["https:\/\/zaik.cc\/producto\/camiseta-interior-protect-hombre\/"]}]},{"@type":"ImageObject","inLanguage":"en-GB","@id":"https:\/\/zaik.cc\/producto\/camiseta-interior-protect-hombre\/#primaryimage","url":"https:\/\/zaik.cc\/wp-content\/uploads\/2023\/10\/P1043596-scaled.jpg","contentUrl":"https:\/\/zaik.cc\/wp-content\/uploads\/2023\/10\/P1043596-scaled.jpg","width":1708,"height":2560},{"@type":"BreadcrumbList","@id":"https:\/\/zaik.cc\/producto\/camiseta-interior-protect-hombre\/#breadcrumb","itemListElement":[{"@type":"ListItem","position":1,"name":"Home","item":"https:\/\/zaik.cc\/"},{"@type":"ListItem","position":2,"name":"Products","item":"https:\/\/zaik.cc\/tienda__trashed\/"},{"@type":"ListItem","position":3,"name":"Camiseta Interior Protect Hombre"}]},{"@type":"WebSite","@id":"https:\/\/zaik.cc\/#website","url":"https:\/\/zaik.cc\/","name":"ZAIK.CC","description":"Cycling community","publisher":{"@id":"https:\/\/zaik.cc\/#organization"},"potentialAction":[{"@type":"SearchAction","target":{"@type":"EntryPoint","urlTemplate":"https:\/\/zaik.cc\/?s={search_term_string}"},"query-input":{"@type":"PropertyValueSpecification","valueRequired":true,"valueName":"search_term_string"}}],"inLanguage":"en-GB"},{"@type":"Organization","@id":"https:\/\/zaik.cc\/#organization","name":"ZAIK.CC","url":"https:\/\/zaik.cc\/","logo":{"@type":"ImageObject","inLanguage":"en-GB","@id":"https:\/\/zaik.cc\/#\/schema\/logo\/image\/","url":"https:\/\/zaik.cc\/wp-content\/uploads\/2023\/11\/ZAIK-logo.png","contentUrl":"https:\/\/zaik.cc\/wp-content\/uploads\/2023\/11\/ZAIK-logo.png","width":3746,"height":2337,"caption":"ZAIK.CC"},"image":{"@id":"https:\/\/zaik.cc\/#\/schema\/logo\/image\/"},"sameAs":["https:\/\/www.instagram.com\/zaik__cc\/"]}]}},"_links":{"self":[{"href":"https:\/\/zaik.cc\/en\/wp-json\/wp\/v2\/product\/600","targetHints":{"allow":["GET"]}}],"collection":[{"href":"https:\/\/zaik.cc\/en\/wp-json\/wp\/v2\/product"}],"about":[{"href":"https:\/\/zaik.cc\/en\/wp-json\/wp\/v2\/types\/product"}],"wp:featuredmedia":[{"embeddable":true,"href":"https:\/\/zaik.cc\/en\/wp-json\/wp\/v2\/media\/514"}],"wp:attachment":[{"href":"https:\/\/zaik.cc\/en\/wp-json\/wp\/v2\/media?parent=600"}],"wp:term":[{"taxonomy":"product_brand","embeddable":true,"href":"https:\/\/zaik.cc\/en\/wp-json\/wp\/v2\/product_brand?post=600"},{"taxonomy":"product_cat","embeddable":true,"href":"https:\/\/zaik.cc\/en\/wp-json\/wp\/v2\/product_cat?post=600"},{"taxonomy":"product_tag","embeddable":true,"href":"https:\/\/zaik.cc\/en\/wp-json\/wp\/v2\/product_tag?post=600"}],"curies":[{"name":"wp","href":"https:\/\/api.w.org\/{rel}","templated":true}]}}