{"id":607,"date":"2023-10-26T22:10:31","date_gmt":"2023-10-26T22:10:31","guid":{"rendered":"https:\/\/zaik.pruebaensilencio.es\/?post_type=product&#038;p=607"},"modified":"2026-05-07T15:35:23","modified_gmt":"2026-05-07T13:35:23","slug":"culotte-largo-essence-hombre","status":"publish","type":"product","link":"https:\/\/zaik.cc\/en\/product\/culotte-largo-essence-hombre\/","title":{"rendered":"ESSENCE Black Long Bibs - Men"},"content":{"rendered":"<p>The Essence Men's Cycling Bib Tight redefines the cycling experience with its innovative design and advanced features. The compression and thermal regulating fabric guarantees unbeatable performance, providing the perfect balance of muscle support and temperature management. The ultra-soft internal quilting fibres add a touch of luxury, ensuring a soft, comfortable feel with every pedal stroke.<\/p>\n<p>The absence of zips not only improves the aesthetics, but also contributes to the durability of the bib shorts. The flat shoulder straps offer an ergonomic fit, preventing chafing and providing comfort over long rides. The Dolomiti Gallio chamois pad from the renowned Elastic Interface brand, known for its durable quality, further enhances the performance of these bib shorts. This bib shorts have been designed to withstand adverse weather conditions. With a temperature range of 0 to +15\u00b0C, it is the ideal choice for cyclists who want to stay comfortable in cool temperatures. Thermal versatility is combined with an aerodynamic design, ensuring that these shorts are a smart choice for a variety of weather conditions.<\/p>\n<p>The Essence Men's Long Bib Tight is not only a technical garment, but also a style statement. With functional details that enhance both aesthetics and functionality, these shorts stand out in the world of performance cycling. Experience comfort, durability and style with every pedal stroke, knowing you're wearing a bib shorts designed to exceed expectations in every aspect.<\/p>","protected":false},"excerpt":{"rendered":"<p>El Culote Largo Essence Hombre redefine la experiencia ciclista con su innovador dise\u00f1o y caracter\u00edsticas avanzadas. El tejido de compresi\u00f3n y regulaci\u00f3n t\u00e9rmica garantiza un rendimiento inmejorable, proporcionando el equilibrio perfecto entre soporte muscular y gesti\u00f3n de la temperatura. El perchado interno de fibras ultra suaves a\u00f1ade un toque de lujo, asegurando una sensaci\u00f3n c\u00f3moda [&hellip;]<\/p>\n","protected":false},"featured_media":1487,"template":"","meta":{"_acf_changed":false},"product_brand":[],"product_cat":[29,25],"product_tag":[81,71,72,82,83],"class_list":{"0":"post-607","1":"product","2":"type-product","3":"status-publish","4":"has-post-thumbnail","6":"product_cat-culote-hombre","7":"product_cat-hombre","8":"product_tag-culote-invierno","9":"product_tag-culote-largo","10":"product_tag-culote-largo-ciclismo","11":"product_tag-culote-largo-hombre","12":"product_tag-culote-largo-negro","14":"first","15":"instock","16":"taxable","17":"shipping-taxable","18":"purchasable","19":"product-type-variable"},"acf":[],"yoast_head":"<!-- This site is optimized with the Yoast SEO plugin v27.5 - https:\/\/yoast.com\/product\/yoast-seo-wordpress\/ -->\n<title>Culote Largo Essence Hombre - ZAIK<\/title>\n<meta name=\"description\" content=\"Descubre el rendimiento y la comodidad excepcionales con el Culote Largo Essence Hombre en Zaik.cc. La elecci\u00f3n perfecta para ciclistas exigentes.\" \/>\n<meta name=\"robots\" content=\"index, follow, max-snippet:-1, max-image-preview:large, max-video-preview:-1\" \/>\n<link rel=\"canonical\" href=\"https:\/\/zaik.cc\/en\/product\/culotte-largo-essence-hombre\/\" \/>\n<meta property=\"og:locale\" content=\"en_GB\" \/>\n<meta property=\"og:type\" content=\"article\" \/>\n<meta property=\"og:title\" content=\"Culote Largo Essence Hombre - ZAIK\" \/>\n<meta property=\"og:description\" content=\"Descubre el rendimiento y la comodidad excepcionales con el Culote Largo Essence Hombre en Zaik.cc. La elecci\u00f3n perfecta para ciclistas exigentes.\" \/>\n<meta property=\"og:url\" content=\"https:\/\/zaik.cc\/en\/product\/culotte-largo-essence-hombre\/\" \/>\n<meta property=\"og:site_name\" content=\"ZAIK\" \/>\n<meta property=\"article:modified_time\" content=\"2026-05-07T13:35:23+00:00\" \/>\n<meta property=\"og:image\" content=\"https:\/\/zaik.cc\/wp-content\/uploads\/2023\/12\/P1068290-scaled.jpg\" \/>\n\t<meta property=\"og:image:width\" content=\"1708\" \/>\n\t<meta property=\"og:image:height\" content=\"2560\" \/>\n\t<meta property=\"og:image:type\" content=\"image\/jpeg\" \/>\n<meta name=\"twitter:card\" content=\"summary_large_image\" \/>\n<meta name=\"twitter:label1\" content=\"Estimated reading time\" \/>\n\t<meta name=\"twitter:data1\" content=\"2 minutes\" \/>\n<script type=\"application\/ld+json\" class=\"yoast-schema-graph\">{\"@context\":\"https:\\\/\\\/schema.org\",\"@graph\":[{\"@type\":\"WebPage\",\"@id\":\"https:\\\/\\\/zaik.cc\\\/producto\\\/culotte-largo-essence-hombre\\\/\",\"url\":\"https:\\\/\\\/zaik.cc\\\/producto\\\/culotte-largo-essence-hombre\\\/\",\"name\":\"Culote Largo Essence Hombre - ZAIK\",\"isPartOf\":{\"@id\":\"https:\\\/\\\/zaik.cc\\\/#website\"},\"primaryImageOfPage\":{\"@id\":\"https:\\\/\\\/zaik.cc\\\/producto\\\/culotte-largo-essence-hombre\\\/#primaryimage\"},\"image\":{\"@id\":\"https:\\\/\\\/zaik.cc\\\/producto\\\/culotte-largo-essence-hombre\\\/#primaryimage\"},\"thumbnailUrl\":\"https:\\\/\\\/zaik.cc\\\/wp-content\\\/uploads\\\/2023\\\/12\\\/P1068290-scaled.jpg\",\"datePublished\":\"2023-10-26T22:10:31+00:00\",\"dateModified\":\"2026-05-07T13:35:23+00:00\",\"description\":\"Descubre el rendimiento y la comodidad excepcionales con el Culote Largo Essence Hombre en Zaik.cc. La elecci\u00f3n perfecta para ciclistas exigentes.\",\"breadcrumb\":{\"@id\":\"https:\\\/\\\/zaik.cc\\\/producto\\\/culotte-largo-essence-hombre\\\/#breadcrumb\"},\"inLanguage\":\"en-GB\",\"potentialAction\":[{\"@type\":\"ReadAction\",\"target\":[\"https:\\\/\\\/zaik.cc\\\/producto\\\/culotte-largo-essence-hombre\\\/\"]}]},{\"@type\":\"ImageObject\",\"inLanguage\":\"en-GB\",\"@id\":\"https:\\\/\\\/zaik.cc\\\/producto\\\/culotte-largo-essence-hombre\\\/#primaryimage\",\"url\":\"https:\\\/\\\/zaik.cc\\\/wp-content\\\/uploads\\\/2023\\\/12\\\/P1068290-scaled.jpg\",\"contentUrl\":\"https:\\\/\\\/zaik.cc\\\/wp-content\\\/uploads\\\/2023\\\/12\\\/P1068290-scaled.jpg\",\"width\":1708,\"height\":2560,\"caption\":\"Culote Essence Hombre Zaik\"},{\"@type\":\"BreadcrumbList\",\"@id\":\"https:\\\/\\\/zaik.cc\\\/producto\\\/culotte-largo-essence-hombre\\\/#breadcrumb\",\"itemListElement\":[{\"@type\":\"ListItem\",\"position\":1,\"name\":\"Home\",\"item\":\"https:\\\/\\\/zaik.cc\\\/\"},{\"@type\":\"ListItem\",\"position\":2,\"name\":\"Products\",\"item\":\"https:\\\/\\\/zaik.cc\\\/tienda__trashed\\\/\"},{\"@type\":\"ListItem\",\"position\":3,\"name\":\"Culote Largo Essence Hombre\"}]},{\"@type\":\"WebSite\",\"@id\":\"https:\\\/\\\/zaik.cc\\\/#website\",\"url\":\"https:\\\/\\\/zaik.cc\\\/\",\"name\":\"ZAIK.CC\",\"description\":\"Cycling community\",\"publisher\":{\"@id\":\"https:\\\/\\\/zaik.cc\\\/#organization\"},\"potentialAction\":[{\"@type\":\"SearchAction\",\"target\":{\"@type\":\"EntryPoint\",\"urlTemplate\":\"https:\\\/\\\/zaik.cc\\\/?s={search_term_string}\"},\"query-input\":{\"@type\":\"PropertyValueSpecification\",\"valueRequired\":true,\"valueName\":\"search_term_string\"}}],\"inLanguage\":\"en-GB\"},{\"@type\":\"Organization\",\"@id\":\"https:\\\/\\\/zaik.cc\\\/#organization\",\"name\":\"ZAIK.CC\",\"url\":\"https:\\\/\\\/zaik.cc\\\/\",\"logo\":{\"@type\":\"ImageObject\",\"inLanguage\":\"en-GB\",\"@id\":\"https:\\\/\\\/zaik.cc\\\/#\\\/schema\\\/logo\\\/image\\\/\",\"url\":\"https:\\\/\\\/zaik.cc\\\/wp-content\\\/uploads\\\/2023\\\/11\\\/ZAIK-logo.png\",\"contentUrl\":\"https:\\\/\\\/zaik.cc\\\/wp-content\\\/uploads\\\/2023\\\/11\\\/ZAIK-logo.png\",\"width\":3746,\"height\":2337,\"caption\":\"ZAIK.CC\"},\"image\":{\"@id\":\"https:\\\/\\\/zaik.cc\\\/#\\\/schema\\\/logo\\\/image\\\/\"},\"sameAs\":[\"https:\\\/\\\/www.instagram.com\\\/zaik__cc\\\/\"]}]}<\/script>\n<!-- \/ Yoast SEO plugin. -->","yoast_head_json":{"title":"Culote Largo Essence Hombre - ZAIK","description":"Descubre el rendimiento y la comodidad excepcionales con el Culote Largo Essence Hombre en Zaik.cc. La elecci\u00f3n perfecta para ciclistas exigentes.","robots":{"index":"index","follow":"follow","max-snippet":"max-snippet:-1","max-image-preview":"max-image-preview:large","max-video-preview":"max-video-preview:-1"},"canonical":"https:\/\/zaik.cc\/en\/product\/culotte-largo-essence-hombre\/","og_locale":"en_GB","og_type":"article","og_title":"Culote Largo Essence Hombre - ZAIK","og_description":"Descubre el rendimiento y la comodidad excepcionales con el Culote Largo Essence Hombre en Zaik.cc. La elecci\u00f3n perfecta para ciclistas exigentes.","og_url":"https:\/\/zaik.cc\/en\/product\/culotte-largo-essence-hombre\/","og_site_name":"ZAIK","article_modified_time":"2026-05-07T13:35:23+00:00","og_image":[{"width":1708,"height":2560,"url":"https:\/\/zaik.cc\/wp-content\/uploads\/2023\/12\/P1068290-scaled.jpg","type":"image\/jpeg"}],"twitter_card":"summary_large_image","twitter_misc":{"Estimated reading time":"2 minutes"},"schema":{"@context":"https:\/\/schema.org","@graph":[{"@type":"WebPage","@id":"https:\/\/zaik.cc\/producto\/culotte-largo-essence-hombre\/","url":"https:\/\/zaik.cc\/producto\/culotte-largo-essence-hombre\/","name":"Culote Largo Essence Hombre - ZAIK","isPartOf":{"@id":"https:\/\/zaik.cc\/#website"},"primaryImageOfPage":{"@id":"https:\/\/zaik.cc\/producto\/culotte-largo-essence-hombre\/#primaryimage"},"image":{"@id":"https:\/\/zaik.cc\/producto\/culotte-largo-essence-hombre\/#primaryimage"},"thumbnailUrl":"https:\/\/zaik.cc\/wp-content\/uploads\/2023\/12\/P1068290-scaled.jpg","datePublished":"2023-10-26T22:10:31+00:00","dateModified":"2026-05-07T13:35:23+00:00","description":"Descubre el rendimiento y la comodidad excepcionales con el Culote Largo Essence Hombre en Zaik.cc. La elecci\u00f3n perfecta para ciclistas exigentes.","breadcrumb":{"@id":"https:\/\/zaik.cc\/producto\/culotte-largo-essence-hombre\/#breadcrumb"},"inLanguage":"en-GB","potentialAction":[{"@type":"ReadAction","target":["https:\/\/zaik.cc\/producto\/culotte-largo-essence-hombre\/"]}]},{"@type":"ImageObject","inLanguage":"en-GB","@id":"https:\/\/zaik.cc\/producto\/culotte-largo-essence-hombre\/#primaryimage","url":"https:\/\/zaik.cc\/wp-content\/uploads\/2023\/12\/P1068290-scaled.jpg","contentUrl":"https:\/\/zaik.cc\/wp-content\/uploads\/2023\/12\/P1068290-scaled.jpg","width":1708,"height":2560,"caption":"Culote Essence Hombre Zaik"},{"@type":"BreadcrumbList","@id":"https:\/\/zaik.cc\/producto\/culotte-largo-essence-hombre\/#breadcrumb","itemListElement":[{"@type":"ListItem","position":1,"name":"Home","item":"https:\/\/zaik.cc\/"},{"@type":"ListItem","position":2,"name":"Products","item":"https:\/\/zaik.cc\/tienda__trashed\/"},{"@type":"ListItem","position":3,"name":"Culote Largo Essence Hombre"}]},{"@type":"WebSite","@id":"https:\/\/zaik.cc\/#website","url":"https:\/\/zaik.cc\/","name":"ZAIK.CC","description":"Cycling community","publisher":{"@id":"https:\/\/zaik.cc\/#organization"},"potentialAction":[{"@type":"SearchAction","target":{"@type":"EntryPoint","urlTemplate":"https:\/\/zaik.cc\/?s={search_term_string}"},"query-input":{"@type":"PropertyValueSpecification","valueRequired":true,"valueName":"search_term_string"}}],"inLanguage":"en-GB"},{"@type":"Organization","@id":"https:\/\/zaik.cc\/#organization","name":"ZAIK.CC","url":"https:\/\/zaik.cc\/","logo":{"@type":"ImageObject","inLanguage":"en-GB","@id":"https:\/\/zaik.cc\/#\/schema\/logo\/image\/","url":"https:\/\/zaik.cc\/wp-content\/uploads\/2023\/11\/ZAIK-logo.png","contentUrl":"https:\/\/zaik.cc\/wp-content\/uploads\/2023\/11\/ZAIK-logo.png","width":3746,"height":2337,"caption":"ZAIK.CC"},"image":{"@id":"https:\/\/zaik.cc\/#\/schema\/logo\/image\/"},"sameAs":["https:\/\/www.instagram.com\/zaik__cc\/"]}]}},"_links":{"self":[{"href":"https:\/\/zaik.cc\/en\/wp-json\/wp\/v2\/product\/607","targetHints":{"allow":["GET"]}}],"collection":[{"href":"https:\/\/zaik.cc\/en\/wp-json\/wp\/v2\/product"}],"about":[{"href":"https:\/\/zaik.cc\/en\/wp-json\/wp\/v2\/types\/product"}],"wp:featuredmedia":[{"embeddable":true,"href":"https:\/\/zaik.cc\/en\/wp-json\/wp\/v2\/media\/1487"}],"wp:attachment":[{"href":"https:\/\/zaik.cc\/en\/wp-json\/wp\/v2\/media?parent=607"}],"wp:term":[{"taxonomy":"product_brand","embeddable":true,"href":"https:\/\/zaik.cc\/en\/wp-json\/wp\/v2\/product_brand?post=607"},{"taxonomy":"product_cat","embeddable":true,"href":"https:\/\/zaik.cc\/en\/wp-json\/wp\/v2\/product_cat?post=607"},{"taxonomy":"product_tag","embeddable":true,"href":"https:\/\/zaik.cc\/en\/wp-json\/wp\/v2\/product_tag?post=607"}],"curies":[{"name":"wp","href":"https:\/\/api.w.org\/{rel}","templated":true}]}}