{"id":642,"date":"2023-10-27T12:52:17","date_gmt":"2023-10-27T12:52:17","guid":{"rendered":"https:\/\/zaik.pruebaensilencio.es\/?post_type=product&#038;p=642"},"modified":"2026-05-07T15:20:37","modified_gmt":"2026-05-07T13:20:37","slug":"camiseta-interior-protect-2","status":"publish","type":"product","link":"https:\/\/zaik.cc\/en\/product\/camiseta-interior-protect-2\/","title":{"rendered":"PROTECT Women's Base Layer"},"content":{"rendered":"<p>Experience the versatility of the Protect Women's Undershirt, a polypropylene base layer that has triumphed in previous seasons. This outstanding garment offers water and wind protection while maintaining optimal breathability to successfully deal with cold and rain during the most demanding workouts, eliminating the need for a third layer.<\/p>\n<p>The tried and trusted polypropylene fabric ensures effective protection against the elements, creating a warm and comfortable environment even in challenging weather conditions. Its ability to maintain breathability is essential to prevent moisture build-up and ensure outstanding performance.<\/p>\n<p>With a recommended range of use between -5 and 10\u00b0C, the Protect Women's Undershirt is perfectly suited to a variety of weather situations, offering versatility and comfort on every outing. Its thoughtful design focuses on providing comfort and protection without sacrificing freedom of movement, allowing you to focus on your performance without worrying about inclement weather.<\/p>\n<p>This garment, acclaimed in previous seasons, has become a popular choice thanks to its proven success. Take the opportunity to experience the quality and performance of the Protect Women's Undershirt. Discover how this garment elevates your cycling experience, providing style, confidence and endurance even in challenging weather conditions. Get ready to push your limits with a garment designed to stand out.<\/p>","protected":false},"excerpt":{"rendered":"<p>Experimenta la versatilidad de la Camiseta Interior Protect Mujer, una capa base de polipropileno que ha triunfado en temporadas anteriores. Esta prenda sobresaliente ofrece protecci\u00f3n contra el agua y el viento, manteniendo una transpirabilidad \u00f3ptima para enfrentar con \u00e9xito el fr\u00edo y la lluvia durante los entrenamientos m\u00e1s exigentes, eliminando la necesidad de una tercera [&hellip;]<\/p>\n","protected":false},"featured_media":539,"template":"","meta":{"_acf_changed":false},"product_brand":[],"product_cat":[34,32],"product_tag":[66,70,69,67],"class_list":{"0":"post-642","1":"product","2":"type-product","3":"status-publish","4":"has-post-thumbnail","6":"product_cat-camisetas-interiores-mujer","7":"product_cat-mujer","8":"product_tag-camiseta-interior","9":"product_tag-camiseta-interior-impermeable","10":"product_tag-camiseta-interior-protect","11":"product_tag-camiseta-termica","13":"first","14":"instock","15":"taxable","16":"shipping-taxable","17":"purchasable","18":"product-type-variable"},"acf":[],"yoast_head":"<!-- This site is optimized with the Yoast SEO plugin v27.5 - https:\/\/yoast.com\/product\/yoast-seo-wordpress\/ -->\n<title>Camiseta Interior Protect Mujer - ZAIK<\/title>\n<meta name=\"description\" content=\"Camiseta t\u00e9rmica interior para mujer con tecnolog\u00eda Protect, brindando comodidad y protecci\u00f3n contra el fr\u00edo en condiciones adversas. Desc\u00fabrela en Zaik.cc.\" \/>\n<meta name=\"robots\" content=\"index, follow, max-snippet:-1, max-image-preview:large, max-video-preview:-1\" \/>\n<link rel=\"canonical\" href=\"https:\/\/zaik.cc\/en\/product\/camiseta-interior-protect-2\/\" \/>\n<meta property=\"og:locale\" content=\"en_GB\" \/>\n<meta property=\"og:type\" content=\"article\" \/>\n<meta property=\"og:title\" content=\"Camiseta Interior Protect Mujer - ZAIK\" \/>\n<meta property=\"og:description\" content=\"Camiseta t\u00e9rmica interior para mujer con tecnolog\u00eda Protect, brindando comodidad y protecci\u00f3n contra el fr\u00edo en condiciones adversas. Desc\u00fabrela en Zaik.cc.\" \/>\n<meta property=\"og:url\" content=\"https:\/\/zaik.cc\/en\/product\/camiseta-interior-protect-2\/\" \/>\n<meta property=\"og:site_name\" content=\"ZAIK\" \/>\n<meta property=\"article:modified_time\" content=\"2026-05-07T13:20:37+00:00\" \/>\n<meta property=\"og:image\" content=\"https:\/\/zaik.cc\/wp-content\/uploads\/2023\/10\/P1043763-scaled.jpg\" \/>\n\t<meta property=\"og:image:width\" content=\"1708\" \/>\n\t<meta property=\"og:image:height\" content=\"2560\" \/>\n\t<meta property=\"og:image:type\" content=\"image\/jpeg\" \/>\n<meta name=\"twitter:card\" content=\"summary_large_image\" \/>\n<meta name=\"twitter:label1\" content=\"Estimated reading time\" \/>\n\t<meta name=\"twitter:data1\" content=\"2 minutes\" \/>\n<script type=\"application\/ld+json\" class=\"yoast-schema-graph\">{\"@context\":\"https:\\\/\\\/schema.org\",\"@graph\":[{\"@type\":\"WebPage\",\"@id\":\"https:\\\/\\\/zaik.cc\\\/producto\\\/camiseta-interior-protect-2\\\/\",\"url\":\"https:\\\/\\\/zaik.cc\\\/producto\\\/camiseta-interior-protect-2\\\/\",\"name\":\"Camiseta Interior Protect Mujer - ZAIK\",\"isPartOf\":{\"@id\":\"https:\\\/\\\/zaik.cc\\\/#website\"},\"primaryImageOfPage\":{\"@id\":\"https:\\\/\\\/zaik.cc\\\/producto\\\/camiseta-interior-protect-2\\\/#primaryimage\"},\"image\":{\"@id\":\"https:\\\/\\\/zaik.cc\\\/producto\\\/camiseta-interior-protect-2\\\/#primaryimage\"},\"thumbnailUrl\":\"https:\\\/\\\/zaik.cc\\\/wp-content\\\/uploads\\\/2023\\\/10\\\/P1043763-scaled.jpg\",\"datePublished\":\"2023-10-27T12:52:17+00:00\",\"dateModified\":\"2026-05-07T13:20:37+00:00\",\"description\":\"Camiseta t\u00e9rmica interior para mujer con tecnolog\u00eda Protect, brindando comodidad y protecci\u00f3n contra el fr\u00edo en condiciones adversas. Desc\u00fabrela en Zaik.cc.\",\"breadcrumb\":{\"@id\":\"https:\\\/\\\/zaik.cc\\\/producto\\\/camiseta-interior-protect-2\\\/#breadcrumb\"},\"inLanguage\":\"en-GB\",\"potentialAction\":[{\"@type\":\"ReadAction\",\"target\":[\"https:\\\/\\\/zaik.cc\\\/producto\\\/camiseta-interior-protect-2\\\/\"]}]},{\"@type\":\"ImageObject\",\"inLanguage\":\"en-GB\",\"@id\":\"https:\\\/\\\/zaik.cc\\\/producto\\\/camiseta-interior-protect-2\\\/#primaryimage\",\"url\":\"https:\\\/\\\/zaik.cc\\\/wp-content\\\/uploads\\\/2023\\\/10\\\/P1043763-scaled.jpg\",\"contentUrl\":\"https:\\\/\\\/zaik.cc\\\/wp-content\\\/uploads\\\/2023\\\/10\\\/P1043763-scaled.jpg\",\"width\":1708,\"height\":2560,\"caption\":\"Camiseta Interior Protect Mujer Zaik\"},{\"@type\":\"BreadcrumbList\",\"@id\":\"https:\\\/\\\/zaik.cc\\\/producto\\\/camiseta-interior-protect-2\\\/#breadcrumb\",\"itemListElement\":[{\"@type\":\"ListItem\",\"position\":1,\"name\":\"Home\",\"item\":\"https:\\\/\\\/zaik.cc\\\/\"},{\"@type\":\"ListItem\",\"position\":2,\"name\":\"Products\",\"item\":\"https:\\\/\\\/zaik.cc\\\/tienda__trashed\\\/\"},{\"@type\":\"ListItem\",\"position\":3,\"name\":\"Camiseta Interior Protect Mujer\"}]},{\"@type\":\"WebSite\",\"@id\":\"https:\\\/\\\/zaik.cc\\\/#website\",\"url\":\"https:\\\/\\\/zaik.cc\\\/\",\"name\":\"ZAIK.CC\",\"description\":\"Cycling community\",\"publisher\":{\"@id\":\"https:\\\/\\\/zaik.cc\\\/#organization\"},\"potentialAction\":[{\"@type\":\"SearchAction\",\"target\":{\"@type\":\"EntryPoint\",\"urlTemplate\":\"https:\\\/\\\/zaik.cc\\\/?s={search_term_string}\"},\"query-input\":{\"@type\":\"PropertyValueSpecification\",\"valueRequired\":true,\"valueName\":\"search_term_string\"}}],\"inLanguage\":\"en-GB\"},{\"@type\":\"Organization\",\"@id\":\"https:\\\/\\\/zaik.cc\\\/#organization\",\"name\":\"ZAIK.CC\",\"url\":\"https:\\\/\\\/zaik.cc\\\/\",\"logo\":{\"@type\":\"ImageObject\",\"inLanguage\":\"en-GB\",\"@id\":\"https:\\\/\\\/zaik.cc\\\/#\\\/schema\\\/logo\\\/image\\\/\",\"url\":\"https:\\\/\\\/zaik.cc\\\/wp-content\\\/uploads\\\/2023\\\/11\\\/ZAIK-logo.png\",\"contentUrl\":\"https:\\\/\\\/zaik.cc\\\/wp-content\\\/uploads\\\/2023\\\/11\\\/ZAIK-logo.png\",\"width\":3746,\"height\":2337,\"caption\":\"ZAIK.CC\"},\"image\":{\"@id\":\"https:\\\/\\\/zaik.cc\\\/#\\\/schema\\\/logo\\\/image\\\/\"},\"sameAs\":[\"https:\\\/\\\/www.instagram.com\\\/zaik__cc\\\/\"]}]}<\/script>\n<!-- \/ Yoast SEO plugin. -->","yoast_head_json":{"title":"Camiseta Interior Protect Mujer - ZAIK","description":"Camiseta t\u00e9rmica interior para mujer con tecnolog\u00eda Protect, brindando comodidad y protecci\u00f3n contra el fr\u00edo en condiciones adversas. Desc\u00fabrela en Zaik.cc.","robots":{"index":"index","follow":"follow","max-snippet":"max-snippet:-1","max-image-preview":"max-image-preview:large","max-video-preview":"max-video-preview:-1"},"canonical":"https:\/\/zaik.cc\/en\/product\/camiseta-interior-protect-2\/","og_locale":"en_GB","og_type":"article","og_title":"Camiseta Interior Protect Mujer - ZAIK","og_description":"Camiseta t\u00e9rmica interior para mujer con tecnolog\u00eda Protect, brindando comodidad y protecci\u00f3n contra el fr\u00edo en condiciones adversas. Desc\u00fabrela en Zaik.cc.","og_url":"https:\/\/zaik.cc\/en\/product\/camiseta-interior-protect-2\/","og_site_name":"ZAIK","article_modified_time":"2026-05-07T13:20:37+00:00","og_image":[{"width":1708,"height":2560,"url":"https:\/\/zaik.cc\/wp-content\/uploads\/2023\/10\/P1043763-scaled.jpg","type":"image\/jpeg"}],"twitter_card":"summary_large_image","twitter_misc":{"Estimated reading time":"2 minutes"},"schema":{"@context":"https:\/\/schema.org","@graph":[{"@type":"WebPage","@id":"https:\/\/zaik.cc\/producto\/camiseta-interior-protect-2\/","url":"https:\/\/zaik.cc\/producto\/camiseta-interior-protect-2\/","name":"Camiseta Interior Protect Mujer - ZAIK","isPartOf":{"@id":"https:\/\/zaik.cc\/#website"},"primaryImageOfPage":{"@id":"https:\/\/zaik.cc\/producto\/camiseta-interior-protect-2\/#primaryimage"},"image":{"@id":"https:\/\/zaik.cc\/producto\/camiseta-interior-protect-2\/#primaryimage"},"thumbnailUrl":"https:\/\/zaik.cc\/wp-content\/uploads\/2023\/10\/P1043763-scaled.jpg","datePublished":"2023-10-27T12:52:17+00:00","dateModified":"2026-05-07T13:20:37+00:00","description":"Camiseta t\u00e9rmica interior para mujer con tecnolog\u00eda Protect, brindando comodidad y protecci\u00f3n contra el fr\u00edo en condiciones adversas. Desc\u00fabrela en Zaik.cc.","breadcrumb":{"@id":"https:\/\/zaik.cc\/producto\/camiseta-interior-protect-2\/#breadcrumb"},"inLanguage":"en-GB","potentialAction":[{"@type":"ReadAction","target":["https:\/\/zaik.cc\/producto\/camiseta-interior-protect-2\/"]}]},{"@type":"ImageObject","inLanguage":"en-GB","@id":"https:\/\/zaik.cc\/producto\/camiseta-interior-protect-2\/#primaryimage","url":"https:\/\/zaik.cc\/wp-content\/uploads\/2023\/10\/P1043763-scaled.jpg","contentUrl":"https:\/\/zaik.cc\/wp-content\/uploads\/2023\/10\/P1043763-scaled.jpg","width":1708,"height":2560,"caption":"Camiseta Interior Protect Mujer Zaik"},{"@type":"BreadcrumbList","@id":"https:\/\/zaik.cc\/producto\/camiseta-interior-protect-2\/#breadcrumb","itemListElement":[{"@type":"ListItem","position":1,"name":"Home","item":"https:\/\/zaik.cc\/"},{"@type":"ListItem","position":2,"name":"Products","item":"https:\/\/zaik.cc\/tienda__trashed\/"},{"@type":"ListItem","position":3,"name":"Camiseta Interior Protect Mujer"}]},{"@type":"WebSite","@id":"https:\/\/zaik.cc\/#website","url":"https:\/\/zaik.cc\/","name":"ZAIK.CC","description":"Cycling community","publisher":{"@id":"https:\/\/zaik.cc\/#organization"},"potentialAction":[{"@type":"SearchAction","target":{"@type":"EntryPoint","urlTemplate":"https:\/\/zaik.cc\/?s={search_term_string}"},"query-input":{"@type":"PropertyValueSpecification","valueRequired":true,"valueName":"search_term_string"}}],"inLanguage":"en-GB"},{"@type":"Organization","@id":"https:\/\/zaik.cc\/#organization","name":"ZAIK.CC","url":"https:\/\/zaik.cc\/","logo":{"@type":"ImageObject","inLanguage":"en-GB","@id":"https:\/\/zaik.cc\/#\/schema\/logo\/image\/","url":"https:\/\/zaik.cc\/wp-content\/uploads\/2023\/11\/ZAIK-logo.png","contentUrl":"https:\/\/zaik.cc\/wp-content\/uploads\/2023\/11\/ZAIK-logo.png","width":3746,"height":2337,"caption":"ZAIK.CC"},"image":{"@id":"https:\/\/zaik.cc\/#\/schema\/logo\/image\/"},"sameAs":["https:\/\/www.instagram.com\/zaik__cc\/"]}]}},"_links":{"self":[{"href":"https:\/\/zaik.cc\/en\/wp-json\/wp\/v2\/product\/642","targetHints":{"allow":["GET"]}}],"collection":[{"href":"https:\/\/zaik.cc\/en\/wp-json\/wp\/v2\/product"}],"about":[{"href":"https:\/\/zaik.cc\/en\/wp-json\/wp\/v2\/types\/product"}],"wp:featuredmedia":[{"embeddable":true,"href":"https:\/\/zaik.cc\/en\/wp-json\/wp\/v2\/media\/539"}],"wp:attachment":[{"href":"https:\/\/zaik.cc\/en\/wp-json\/wp\/v2\/media?parent=642"}],"wp:term":[{"taxonomy":"product_brand","embeddable":true,"href":"https:\/\/zaik.cc\/en\/wp-json\/wp\/v2\/product_brand?post=642"},{"taxonomy":"product_cat","embeddable":true,"href":"https:\/\/zaik.cc\/en\/wp-json\/wp\/v2\/product_cat?post=642"},{"taxonomy":"product_tag","embeddable":true,"href":"https:\/\/zaik.cc\/en\/wp-json\/wp\/v2\/product_tag?post=642"}],"curies":[{"name":"wp","href":"https:\/\/api.w.org\/{rel}","templated":true}]}}