{"id":643,"date":"2023-10-26T22:38:59","date_gmt":"2023-10-26T22:38:59","guid":{"rendered":"https:\/\/zaik.pruebaensilencio.es\/?post_type=product&#038;p=643"},"modified":"2026-05-07T15:22:03","modified_gmt":"2026-05-07T13:22:03","slug":"culote-largo-essence-mujer","status":"publish","type":"product","link":"https:\/\/zaik.cc\/en\/product\/culote-largo-essence-mujer\/","title":{"rendered":"ESSENCE Black Long Bibs - Women"},"content":{"rendered":"<p>The Essence Women's Cycling Bib Tight redefines the cycling experience with advanced design. Its compression and thermo-regulating fabric, along with an ultra-soft fiber inner quilting, ensure unbeatable performance. The absence of zippers ensures comfort without compromising durability, while the flat shoulder straps add an ergonomic touch. These bib shorts have been designed with quality in mind, incorporating a Dolomiti Gallio chamois from the renowned Elastic Interface brand for exceptional durability. The brand is synonymous with innovation in chamois construction, ensuring maximum comfort with every ride and long-term durability.<\/p>\n<p>Unrestricted by the absence of zippers, these shorts fit like a second skin, providing essential freedom of movement for demanding cyclists. The flat shoulder straps not only add comfort, but also contribute to a sleek, streamlined aesthetic. The fabric's thermal regulating technology ensures optimal performance in a temperature range from 0 to +15\u00b0C. From cooler conditions to temperate environments, these shorts are the ideal choice for maintaining a balanced body temperature throughout your ride.<\/p>\n<p>With its Elastic Interface pad, these shorts are not only a technical garment but also a high-end accessory. The brand is known for its commitment to quality and durability, ensuring that these shorts are a long-lasting investment for any passionate cyclist. In short, the Essence Women's Long Bib Short offers the best in performance, comfort and durability. From its technical features to its ergonomic design, every detail has been carefully considered to provide an exceptional cycling experience in any conditions.<\/p>","protected":false},"excerpt":{"rendered":"<p>El Culote Largo Essence de mujer redefine la experiencia ciclista con un dise\u00f1o avanzado. Su tejido de compresi\u00f3n y regulaci\u00f3n t\u00e9rmica, junto con un perchado interno de fibras ultra suaves, aseguran un rendimiento inmejorable. La ausencia de cremalleras garantiza comodidad sin comprometer la durabilidad, mientras que los tirantes planos a\u00f1aden un toque ergon\u00f3mico. Este culote [&hellip;]<\/p>\n","protected":false},"featured_media":1489,"template":"","meta":{"_acf_changed":false},"product_brand":[],"product_cat":[36,32],"product_tag":[81,71,72,73],"class_list":{"0":"post-643","1":"product","2":"type-product","3":"status-publish","4":"has-post-thumbnail","6":"product_cat-culote-mujer","7":"product_cat-mujer","8":"product_tag-culote-invierno","9":"product_tag-culote-largo","10":"product_tag-culote-largo-ciclismo","11":"product_tag-culote-largo-mujer","13":"first","14":"instock","15":"taxable","16":"shipping-taxable","17":"purchasable","18":"product-type-variable"},"acf":[],"yoast_head":"<!-- This site is optimized with the Yoast SEO plugin v27.5 - https:\/\/yoast.com\/product\/yoast-seo-wordpress\/ -->\n<title>Culote Largo Essence Mujer - ZAIK<\/title>\n<meta name=\"description\" content=\"Descubre confort y estilo con nuestro Culote Largo Essence Mujer. Ropa ciclismo femenina de calidad en Zaik.cc para una experiencia \u00fanica sobre ruedas.\" \/>\n<meta name=\"robots\" content=\"index, follow, max-snippet:-1, max-image-preview:large, max-video-preview:-1\" \/>\n<link rel=\"canonical\" href=\"https:\/\/zaik.cc\/en\/product\/culote-largo-essence-mujer\/\" \/>\n<meta property=\"og:locale\" content=\"en_GB\" \/>\n<meta property=\"og:type\" content=\"article\" \/>\n<meta property=\"og:title\" content=\"Culote Largo Essence Mujer - ZAIK\" \/>\n<meta property=\"og:description\" content=\"Descubre confort y estilo con nuestro Culote Largo Essence Mujer. Ropa ciclismo femenina de calidad en Zaik.cc para una experiencia \u00fanica sobre ruedas.\" \/>\n<meta property=\"og:url\" content=\"https:\/\/zaik.cc\/en\/product\/culote-largo-essence-mujer\/\" \/>\n<meta property=\"og:site_name\" content=\"ZAIK\" \/>\n<meta property=\"article:modified_time\" content=\"2026-05-07T13:22:03+00:00\" \/>\n<meta property=\"og:image\" content=\"https:\/\/zaik.cc\/wp-content\/uploads\/2023\/10\/P1068262-scaled.jpg\" \/>\n\t<meta property=\"og:image:width\" content=\"1708\" \/>\n\t<meta property=\"og:image:height\" content=\"2560\" \/>\n\t<meta property=\"og:image:type\" content=\"image\/jpeg\" \/>\n<meta name=\"twitter:card\" content=\"summary_large_image\" \/>\n<meta name=\"twitter:label1\" content=\"Estimated reading time\" \/>\n\t<meta name=\"twitter:data1\" content=\"2 minutes\" \/>\n<script type=\"application\/ld+json\" class=\"yoast-schema-graph\">{\"@context\":\"https:\\\/\\\/schema.org\",\"@graph\":[{\"@type\":\"WebPage\",\"@id\":\"https:\\\/\\\/zaik.cc\\\/producto\\\/culote-largo-essence-mujer\\\/\",\"url\":\"https:\\\/\\\/zaik.cc\\\/producto\\\/culote-largo-essence-mujer\\\/\",\"name\":\"Culote Largo Essence Mujer - ZAIK\",\"isPartOf\":{\"@id\":\"https:\\\/\\\/zaik.cc\\\/#website\"},\"primaryImageOfPage\":{\"@id\":\"https:\\\/\\\/zaik.cc\\\/producto\\\/culote-largo-essence-mujer\\\/#primaryimage\"},\"image\":{\"@id\":\"https:\\\/\\\/zaik.cc\\\/producto\\\/culote-largo-essence-mujer\\\/#primaryimage\"},\"thumbnailUrl\":\"https:\\\/\\\/zaik.cc\\\/wp-content\\\/uploads\\\/2023\\\/10\\\/P1068262-scaled.jpg\",\"datePublished\":\"2023-10-26T22:38:59+00:00\",\"dateModified\":\"2026-05-07T13:22:03+00:00\",\"description\":\"Descubre confort y estilo con nuestro Culote Largo Essence Mujer. Ropa ciclismo femenina de calidad en Zaik.cc para una experiencia \u00fanica sobre ruedas.\",\"breadcrumb\":{\"@id\":\"https:\\\/\\\/zaik.cc\\\/producto\\\/culote-largo-essence-mujer\\\/#breadcrumb\"},\"inLanguage\":\"en-GB\",\"potentialAction\":[{\"@type\":\"ReadAction\",\"target\":[\"https:\\\/\\\/zaik.cc\\\/producto\\\/culote-largo-essence-mujer\\\/\"]}]},{\"@type\":\"ImageObject\",\"inLanguage\":\"en-GB\",\"@id\":\"https:\\\/\\\/zaik.cc\\\/producto\\\/culote-largo-essence-mujer\\\/#primaryimage\",\"url\":\"https:\\\/\\\/zaik.cc\\\/wp-content\\\/uploads\\\/2023\\\/10\\\/P1068262-scaled.jpg\",\"contentUrl\":\"https:\\\/\\\/zaik.cc\\\/wp-content\\\/uploads\\\/2023\\\/10\\\/P1068262-scaled.jpg\",\"width\":1708,\"height\":2560,\"caption\":\"Culotte Essence Mujer Zaik\"},{\"@type\":\"BreadcrumbList\",\"@id\":\"https:\\\/\\\/zaik.cc\\\/producto\\\/culote-largo-essence-mujer\\\/#breadcrumb\",\"itemListElement\":[{\"@type\":\"ListItem\",\"position\":1,\"name\":\"Home\",\"item\":\"https:\\\/\\\/zaik.cc\\\/\"},{\"@type\":\"ListItem\",\"position\":2,\"name\":\"Products\",\"item\":\"https:\\\/\\\/zaik.cc\\\/tienda__trashed\\\/\"},{\"@type\":\"ListItem\",\"position\":3,\"name\":\"Culote Largo Essence Mujer\"}]},{\"@type\":\"WebSite\",\"@id\":\"https:\\\/\\\/zaik.cc\\\/#website\",\"url\":\"https:\\\/\\\/zaik.cc\\\/\",\"name\":\"ZAIK.CC\",\"description\":\"Cycling community\",\"publisher\":{\"@id\":\"https:\\\/\\\/zaik.cc\\\/#organization\"},\"potentialAction\":[{\"@type\":\"SearchAction\",\"target\":{\"@type\":\"EntryPoint\",\"urlTemplate\":\"https:\\\/\\\/zaik.cc\\\/?s={search_term_string}\"},\"query-input\":{\"@type\":\"PropertyValueSpecification\",\"valueRequired\":true,\"valueName\":\"search_term_string\"}}],\"inLanguage\":\"en-GB\"},{\"@type\":\"Organization\",\"@id\":\"https:\\\/\\\/zaik.cc\\\/#organization\",\"name\":\"ZAIK.CC\",\"url\":\"https:\\\/\\\/zaik.cc\\\/\",\"logo\":{\"@type\":\"ImageObject\",\"inLanguage\":\"en-GB\",\"@id\":\"https:\\\/\\\/zaik.cc\\\/#\\\/schema\\\/logo\\\/image\\\/\",\"url\":\"https:\\\/\\\/zaik.cc\\\/wp-content\\\/uploads\\\/2023\\\/11\\\/ZAIK-logo.png\",\"contentUrl\":\"https:\\\/\\\/zaik.cc\\\/wp-content\\\/uploads\\\/2023\\\/11\\\/ZAIK-logo.png\",\"width\":3746,\"height\":2337,\"caption\":\"ZAIK.CC\"},\"image\":{\"@id\":\"https:\\\/\\\/zaik.cc\\\/#\\\/schema\\\/logo\\\/image\\\/\"},\"sameAs\":[\"https:\\\/\\\/www.instagram.com\\\/zaik__cc\\\/\"]}]}<\/script>\n<!-- \/ Yoast SEO plugin. -->","yoast_head_json":{"title":"Culote Largo Essence Mujer - ZAIK","description":"Descubre confort y estilo con nuestro Culote Largo Essence Mujer. Ropa ciclismo femenina de calidad en Zaik.cc para una experiencia \u00fanica sobre ruedas.","robots":{"index":"index","follow":"follow","max-snippet":"max-snippet:-1","max-image-preview":"max-image-preview:large","max-video-preview":"max-video-preview:-1"},"canonical":"https:\/\/zaik.cc\/en\/product\/culote-largo-essence-mujer\/","og_locale":"en_GB","og_type":"article","og_title":"Culote Largo Essence Mujer - ZAIK","og_description":"Descubre confort y estilo con nuestro Culote Largo Essence Mujer. Ropa ciclismo femenina de calidad en Zaik.cc para una experiencia \u00fanica sobre ruedas.","og_url":"https:\/\/zaik.cc\/en\/product\/culote-largo-essence-mujer\/","og_site_name":"ZAIK","article_modified_time":"2026-05-07T13:22:03+00:00","og_image":[{"width":1708,"height":2560,"url":"https:\/\/zaik.cc\/wp-content\/uploads\/2023\/10\/P1068262-scaled.jpg","type":"image\/jpeg"}],"twitter_card":"summary_large_image","twitter_misc":{"Estimated reading time":"2 minutes"},"schema":{"@context":"https:\/\/schema.org","@graph":[{"@type":"WebPage","@id":"https:\/\/zaik.cc\/producto\/culote-largo-essence-mujer\/","url":"https:\/\/zaik.cc\/producto\/culote-largo-essence-mujer\/","name":"Culote Largo Essence Mujer - ZAIK","isPartOf":{"@id":"https:\/\/zaik.cc\/#website"},"primaryImageOfPage":{"@id":"https:\/\/zaik.cc\/producto\/culote-largo-essence-mujer\/#primaryimage"},"image":{"@id":"https:\/\/zaik.cc\/producto\/culote-largo-essence-mujer\/#primaryimage"},"thumbnailUrl":"https:\/\/zaik.cc\/wp-content\/uploads\/2023\/10\/P1068262-scaled.jpg","datePublished":"2023-10-26T22:38:59+00:00","dateModified":"2026-05-07T13:22:03+00:00","description":"Descubre confort y estilo con nuestro Culote Largo Essence Mujer. Ropa ciclismo femenina de calidad en Zaik.cc para una experiencia \u00fanica sobre ruedas.","breadcrumb":{"@id":"https:\/\/zaik.cc\/producto\/culote-largo-essence-mujer\/#breadcrumb"},"inLanguage":"en-GB","potentialAction":[{"@type":"ReadAction","target":["https:\/\/zaik.cc\/producto\/culote-largo-essence-mujer\/"]}]},{"@type":"ImageObject","inLanguage":"en-GB","@id":"https:\/\/zaik.cc\/producto\/culote-largo-essence-mujer\/#primaryimage","url":"https:\/\/zaik.cc\/wp-content\/uploads\/2023\/10\/P1068262-scaled.jpg","contentUrl":"https:\/\/zaik.cc\/wp-content\/uploads\/2023\/10\/P1068262-scaled.jpg","width":1708,"height":2560,"caption":"Culotte Essence Mujer Zaik"},{"@type":"BreadcrumbList","@id":"https:\/\/zaik.cc\/producto\/culote-largo-essence-mujer\/#breadcrumb","itemListElement":[{"@type":"ListItem","position":1,"name":"Home","item":"https:\/\/zaik.cc\/"},{"@type":"ListItem","position":2,"name":"Products","item":"https:\/\/zaik.cc\/tienda__trashed\/"},{"@type":"ListItem","position":3,"name":"Culote Largo Essence Mujer"}]},{"@type":"WebSite","@id":"https:\/\/zaik.cc\/#website","url":"https:\/\/zaik.cc\/","name":"ZAIK.CC","description":"Cycling community","publisher":{"@id":"https:\/\/zaik.cc\/#organization"},"potentialAction":[{"@type":"SearchAction","target":{"@type":"EntryPoint","urlTemplate":"https:\/\/zaik.cc\/?s={search_term_string}"},"query-input":{"@type":"PropertyValueSpecification","valueRequired":true,"valueName":"search_term_string"}}],"inLanguage":"en-GB"},{"@type":"Organization","@id":"https:\/\/zaik.cc\/#organization","name":"ZAIK.CC","url":"https:\/\/zaik.cc\/","logo":{"@type":"ImageObject","inLanguage":"en-GB","@id":"https:\/\/zaik.cc\/#\/schema\/logo\/image\/","url":"https:\/\/zaik.cc\/wp-content\/uploads\/2023\/11\/ZAIK-logo.png","contentUrl":"https:\/\/zaik.cc\/wp-content\/uploads\/2023\/11\/ZAIK-logo.png","width":3746,"height":2337,"caption":"ZAIK.CC"},"image":{"@id":"https:\/\/zaik.cc\/#\/schema\/logo\/image\/"},"sameAs":["https:\/\/www.instagram.com\/zaik__cc\/"]}]}},"_links":{"self":[{"href":"https:\/\/zaik.cc\/en\/wp-json\/wp\/v2\/product\/643","targetHints":{"allow":["GET"]}}],"collection":[{"href":"https:\/\/zaik.cc\/en\/wp-json\/wp\/v2\/product"}],"about":[{"href":"https:\/\/zaik.cc\/en\/wp-json\/wp\/v2\/types\/product"}],"wp:featuredmedia":[{"embeddable":true,"href":"https:\/\/zaik.cc\/en\/wp-json\/wp\/v2\/media\/1489"}],"wp:attachment":[{"href":"https:\/\/zaik.cc\/en\/wp-json\/wp\/v2\/media?parent=643"}],"wp:term":[{"taxonomy":"product_brand","embeddable":true,"href":"https:\/\/zaik.cc\/en\/wp-json\/wp\/v2\/product_brand?post=643"},{"taxonomy":"product_cat","embeddable":true,"href":"https:\/\/zaik.cc\/en\/wp-json\/wp\/v2\/product_cat?post=643"},{"taxonomy":"product_tag","embeddable":true,"href":"https:\/\/zaik.cc\/en\/wp-json\/wp\/v2\/product_tag?post=643"}],"curies":[{"name":"wp","href":"https:\/\/api.w.org\/{rel}","templated":true}]}}