{"id":10,"date":"2023-10-30T10:34:19","date_gmt":"2023-10-30T10:34:19","guid":{"rendered":"https:\/\/zaik.pruebaensilencio.es\/?page_id=10"},"modified":"2023-10-30T11:10:54","modified_gmt":"2023-10-30T11:10:54","slug":"envios_devoluciones","status":"publish","type":"page","link":"https:\/\/zaik.cc\/eu\/envios_devoluciones\/","title":{"rendered":"Pol\u00edtica de env\u00edos y devoluciones"},"content":{"rendered":"<div class=\"wpb-content-wrapper\"><div class=\"vc_row wpb_row vc_row-fluid\"><div class=\"wpb_column vc_column_container vc_col-sm-12\"><div class=\"vc_column-inner\"><div class=\"wpb_wrapper\">\n\t<div class=\"wpb_text_column wpb_content_element\" >\n\t\t<div class=\"wpb_wrapper\">\n\t\t\t<h2 style=\"text-align: center;\">Env\u00edos<\/h2>\n\n\t\t<\/div>\n\t<\/div>\n<\/div><\/div><\/div><\/div><div class=\"vc_row wpb_row vc_row-fluid\"><div class=\"wpb_column vc_column_container vc_col-sm-12\"><div class=\"vc_column-inner\"><div class=\"wpb_wrapper\">\n\t<div class=\"wpb_text_column wpb_content_element\" >\n\t\t<div class=\"wpb_wrapper\">\n\t\t\t<p>Los art\u00edculos adquiridos se tramitar\u00e1n en cuanto se haya realizado el pago, y su env\u00edo se realizar\u00e1 el pr\u00f3ximo d\u00eda laborable. Los productos est\u00e1ndar tienen un plazo medio de entrega de entre 48 y 72 horas desde la realizaci\u00f3n del pedido.<\/p>\n<p>Los costes de env\u00edo se sumar\u00e1n al total de la factura, la cantidad var\u00eda seg\u00fan el pa\u00eds de destino. Para las compras superiores a la cuant\u00eda indicada en cada caso, estos cargos ser\u00e1n gratuitos.<\/p>\n<p>&nbsp;<\/p>\n<figure class=\"wp-block-table\">\n<table>\n<tbody>\n<tr>\n<td>DESTINO<\/td>\n<td>SUPLEMENTO<\/td>\n<td>GRATIS DESDE<\/td>\n<\/tr>\n<tr>\n<td><strong>EUSKAL HERRIA<\/strong><\/td>\n<td>6 \u20ac<\/td>\n<td>120 \u20ac<\/td>\n<\/tr>\n<tr>\n<td><strong>PEN\u00cdNSULA IB\u00c9RICA<\/strong><\/td>\n<td>9 \u20ac<\/td>\n<td>140 \u20ac<\/td>\n<\/tr>\n<tr>\n<td><strong>CEUTA, MELILLA, CANARIAS, BALEARES, GIBRALTAR<\/strong><\/td>\n<td>15 \u20ac<\/td>\n<td>170 \u20ac<\/td>\n<\/tr>\n<tr>\n<td><strong>EUROPEAN UNION<\/strong><\/td>\n<td>18 \u20ac<\/td>\n<td>190 \u20ac<\/td>\n<\/tr>\n<\/tbody>\n<\/table>\n<p>&nbsp;<\/p>\n<p>&nbsp;<\/figure>\n<p>Para el resto de los env\u00edos internacionales contactad en\u00a0<a href=\"mailto:go@zaik.cc\"><strong>go@zaik.cc<\/strong><\/a>. Los env\u00edos a pa\u00edses no pertenecientes a la UE est\u00e1n sujetos a pol\u00edticas internas de Aduanas e Impuestos de cada pa\u00eds, de los cuales se har\u00e1 cargo el comprador.<\/p>\n<p>Ante cualquier imprevisto se ruega que se contacte con nosotros mediante el siguiente correo:\u00a0<a href=\"mailto:help@zaik.cc\"><strong>help@zaik.cc<\/strong><\/a><\/p>\n<p>ZAIK se reserva el derecho de propiedad y derechos de autor para las ilustraciones, dise\u00f1os, dibujos, c\u00e1lculos y dem\u00e1s documentos entregados al cliente. Antes de hacer uso de estos u otros recursos de la marca, el cliente necesitar\u00e1 del consentimiento expreso y escrito de ZAIK.<\/p>\n\n\t\t<\/div>\n\t<\/div>\n<\/div><\/div><\/div><\/div><div class=\"vc_row wpb_row vc_row-fluid\"><div class=\"wpb_column vc_column_container vc_col-sm-12\"><div class=\"vc_column-inner\"><div class=\"wpb_wrapper\">\n\t<div class=\"wpb_text_column wpb_content_element\" >\n\t\t<div class=\"wpb_wrapper\">\n\t\t\t<h2 style=\"text-align: center;\">Devoluciones<\/h2>\n\n\t\t<\/div>\n\t<\/div>\n<\/div><\/div><\/div><\/div><div class=\"vc_row wpb_row vc_row-fluid\"><div class=\"wpb_column vc_column_container vc_col-sm-12\"><div class=\"vc_column-inner\"><div class=\"wpb_wrapper\">\n\t<div class=\"wpb_text_column wpb_content_element\" >\n\t\t<div class=\"wpb_wrapper\">\n\t\t\t<p>Ante cualquier situaci\u00f3n que contemple una devoluci\u00f3n del producto, contacte previamente con\u00a0<a href=\"mailto:help@zaik.cc\"><b>help@zaik.cc<\/b><\/a>. De esta forma ZAIK podr\u00e1 ofrecer un tratamiento personalizado para cada caso.<\/p>\n<p>Para todo caso que requiera una devoluci\u00f3n del producto, el cliente contar\u00e1 con un per\u00edodo de devoluci\u00f3n del producto de 14 d\u00edas a partir de la fecha de entrega.<\/p>\n<p>Los art\u00edculos PERSONALIZADOS no tendr\u00e1n opci\u00f3n de devoluci\u00f3n ni cambio.<\/p>\n<p>&nbsp;<\/p>\n<p>&nbsp;<\/p>\n<p>&nbsp;<\/p>\n<p><strong>REEMBOLSO<\/strong><\/p>\n<p>En caso de no quedarse del todo satisfecho con la adquisici\u00f3n, se devolver\u00e1 la cuant\u00eda total del producto devuelto. El reembolso se realizar\u00e1 cuando se reciba el producto de vuelta, mediante la misma f\u00f3rmula que se ha utilizado para hacer la compra.<\/p>\n<p>Los productos han de ser devueltos sin ser usados y conservando el etiquetado original. No se aceptar\u00e1n los productos con manchas, marcas, desgarros o cualquier tipo de imperfecci\u00f3n (sin dejar constancia de que se trata de una defectuosidad de f\u00e1brica) . Es necesario hacer el env\u00edo en su embalaje original y protegido con una bolsa opaca o caja. En estos casos, los costes de devoluci\u00f3n correr\u00e1n a cargo del comprador.<\/p>\n<p>&nbsp;<\/p>\n<p>&nbsp;<\/p>\n<p><strong>CAMBIO<\/strong><\/p>\n<p>En caso de tallaje err\u00f3neo u otra raz\u00f3n para desear un CAMBIO de producto, contacte igualmente con el correo de soporte\u00a0<a href=\"mailto:help@zaik.cc\"><b>help@zaik.cc<\/b><\/a>\u00a0para contar con toda la ayuda en el proceso.<\/p>\n<p>&nbsp;<\/p>\n<p>En caso de desear el cambio por otro producto, se realizar\u00e1 el reembolso total del valor del producto y se har\u00e1 una nueva compra. Los productos han de ser devueltos sin ser usados y conservando el etiquetado original. No se aceptar\u00e1n los productos con manchas, marcas, desgarros o cualquier tipo de imperfecci\u00f3n (sin dejar constancia de que se trata de una defectuosidad de f\u00e1brica) . Es necesario hacer el env\u00edo en su embalaje original y protegido con una bolsa opaca o caja.<\/p>\n<p>&nbsp;<\/p>\n<p>En estos casos el comprador se har\u00e1 cargo de todos los gastos de env\u00edo. El reembolso se realizar\u00e1 cuando se reciba el producto de vuelta, mediante la misma f\u00f3rmula que se ha utilizado para hacer la compra.<\/p>\n<p>&nbsp;<\/p>\n<p>&nbsp;<\/p>\n<p><strong>DEFECTUOSO<\/strong><\/p>\n<p>En ZAIK revisamos la calidad de cada prenda, pero pueden ocurrir unos m\u00ednimos casos de defectuosidad. En estos casos se pedir\u00e1n fotos y muestras del producto defectuoso, y se preparar\u00e1 otro env\u00edo de inmediato. Por defecto, el env\u00edo del producto se realizar\u00e1 al recibir la devoluci\u00f3n del art\u00edculo defectuoso. Ante esta situaci\u00f3n, ZAIK se har\u00e1 cargo de los costes de env\u00edo.<\/p>\n\n\t\t<\/div>\n\t<\/div>\n<\/div><\/div><\/div><\/div>\n<\/div>","protected":false},"excerpt":{"rendered":"Env\u00edos Los art\u00edculos adquiridos se tramitar\u00e1n en cuanto se haya realizado el pago, y su env\u00edo se realizar\u00e1 el pr\u00f3ximo d\u00eda laborable. Los productos est\u00e1ndar tienen un plazo medio de entrega de entre 48 y 72 horas desde la realizaci\u00f3n del pedido. Los costes de env\u00edo se sumar\u00e1n al total de la factura, la cantidad [...]","protected":false},"author":1,"featured_media":0,"parent":0,"menu_order":0,"comment_status":"closed","ping_status":"closed","template":"","meta":{"_acf_changed":false,"footnotes":""},"class_list":["post-10","page","type-page","status-publish","hentry"],"acf":[],"yoast_head":"<!-- This site is optimized with the Yoast SEO plugin v26.3 - https:\/\/yoast.com\/wordpress\/plugins\/seo\/ -->\n<title>Pol\u00edtica de env\u00edos y devoluciones - ZAIK<\/title>\n<meta name=\"robots\" content=\"index, follow, max-snippet:-1, max-image-preview:large, max-video-preview:-1\" \/>\n<link rel=\"canonical\" href=\"https:\/\/zaik.cc\/eu\/envios_devoluciones\/\" \/>\n<meta property=\"og:locale\" content=\"en_US\" \/>\n<meta property=\"og:type\" content=\"article\" \/>\n<meta property=\"og:title\" content=\"Pol\u00edtica de env\u00edos y devoluciones - ZAIK\" \/>\n<meta property=\"og:url\" content=\"https:\/\/zaik.cc\/eu\/envios_devoluciones\/\" \/>\n<meta property=\"og:site_name\" content=\"ZAIK\" \/>\n<meta property=\"article:modified_time\" content=\"2023-10-30T11:10:54+00:00\" \/>\n<meta name=\"twitter:card\" content=\"summary_large_image\" \/>\n<meta name=\"twitter:label1\" content=\"Est. reading time\" \/>\n\t<meta name=\"twitter:data1\" content=\"4 minutua\" \/>\n<script type=\"application\/ld+json\" class=\"yoast-schema-graph\">{\"@context\":\"https:\/\/schema.org\",\"@graph\":[{\"@type\":\"WebPage\",\"@id\":\"https:\/\/zaik.cc\/envios_devoluciones\/\",\"url\":\"https:\/\/zaik.cc\/envios_devoluciones\/\",\"name\":\"Pol\u00edtica de env\u00edos y devoluciones - ZAIK\",\"isPartOf\":{\"@id\":\"https:\/\/zaik.cc\/#website\"},\"datePublished\":\"2023-10-30T10:34:19+00:00\",\"dateModified\":\"2023-10-30T11:10:54+00:00\",\"breadcrumb\":{\"@id\":\"https:\/\/zaik.cc\/envios_devoluciones\/#breadcrumb\"},\"inLanguage\":\"eu\",\"potentialAction\":[{\"@type\":\"ReadAction\",\"target\":[\"https:\/\/zaik.cc\/envios_devoluciones\/\"]}]},{\"@type\":\"BreadcrumbList\",\"@id\":\"https:\/\/zaik.cc\/envios_devoluciones\/#breadcrumb\",\"itemListElement\":[{\"@type\":\"ListItem\",\"position\":1,\"name\":\"Home\",\"item\":\"https:\/\/zaik.cc\/\"},{\"@type\":\"ListItem\",\"position\":2,\"name\":\"Pol\u00edtica de env\u00edos y devoluciones\"}]},{\"@type\":\"WebSite\",\"@id\":\"https:\/\/zaik.cc\/#website\",\"url\":\"https:\/\/zaik.cc\/\",\"name\":\"ZAIK.CC\",\"description\":\"Cycling community\",\"publisher\":{\"@id\":\"https:\/\/zaik.cc\/#organization\"},\"potentialAction\":[{\"@type\":\"SearchAction\",\"target\":{\"@type\":\"EntryPoint\",\"urlTemplate\":\"https:\/\/zaik.cc\/?s={search_term_string}\"},\"query-input\":{\"@type\":\"PropertyValueSpecification\",\"valueRequired\":true,\"valueName\":\"search_term_string\"}}],\"inLanguage\":\"eu\"},{\"@type\":\"Organization\",\"@id\":\"https:\/\/zaik.cc\/#organization\",\"name\":\"ZAIK.CC\",\"url\":\"https:\/\/zaik.cc\/\",\"logo\":{\"@type\":\"ImageObject\",\"inLanguage\":\"eu\",\"@id\":\"https:\/\/zaik.cc\/#\/schema\/logo\/image\/\",\"url\":\"https:\/\/zaik.cc\/wp-content\/uploads\/2023\/11\/ZAIK-logo.png\",\"contentUrl\":\"https:\/\/zaik.cc\/wp-content\/uploads\/2023\/11\/ZAIK-logo.png\",\"width\":3746,\"height\":2337,\"caption\":\"ZAIK.CC\"},\"image\":{\"@id\":\"https:\/\/zaik.cc\/#\/schema\/logo\/image\/\"},\"sameAs\":[\"https:\/\/www.instagram.com\/zaik__cc\/\"]}]}<\/script>\n<!-- \/ Yoast SEO plugin. -->","yoast_head_json":{"title":"Pol\u00edtica de env\u00edos y devoluciones - ZAIK","robots":{"index":"index","follow":"follow","max-snippet":"max-snippet:-1","max-image-preview":"max-image-preview:large","max-video-preview":"max-video-preview:-1"},"canonical":"https:\/\/zaik.cc\/eu\/envios_devoluciones\/","og_locale":"en_US","og_type":"article","og_title":"Pol\u00edtica de env\u00edos y devoluciones - ZAIK","og_url":"https:\/\/zaik.cc\/eu\/envios_devoluciones\/","og_site_name":"ZAIK","article_modified_time":"2023-10-30T11:10:54+00:00","twitter_card":"summary_large_image","twitter_misc":{"Est. reading time":"4 minutua"},"schema":{"@context":"https:\/\/schema.org","@graph":[{"@type":"WebPage","@id":"https:\/\/zaik.cc\/envios_devoluciones\/","url":"https:\/\/zaik.cc\/envios_devoluciones\/","name":"Pol\u00edtica de env\u00edos y devoluciones - ZAIK","isPartOf":{"@id":"https:\/\/zaik.cc\/#website"},"datePublished":"2023-10-30T10:34:19+00:00","dateModified":"2023-10-30T11:10:54+00:00","breadcrumb":{"@id":"https:\/\/zaik.cc\/envios_devoluciones\/#breadcrumb"},"inLanguage":"eu","potentialAction":[{"@type":"ReadAction","target":["https:\/\/zaik.cc\/envios_devoluciones\/"]}]},{"@type":"BreadcrumbList","@id":"https:\/\/zaik.cc\/envios_devoluciones\/#breadcrumb","itemListElement":[{"@type":"ListItem","position":1,"name":"Home","item":"https:\/\/zaik.cc\/"},{"@type":"ListItem","position":2,"name":"Pol\u00edtica de env\u00edos y devoluciones"}]},{"@type":"WebSite","@id":"https:\/\/zaik.cc\/#website","url":"https:\/\/zaik.cc\/","name":"ZAIK.CC","description":"Cycling community","publisher":{"@id":"https:\/\/zaik.cc\/#organization"},"potentialAction":[{"@type":"SearchAction","target":{"@type":"EntryPoint","urlTemplate":"https:\/\/zaik.cc\/?s={search_term_string}"},"query-input":{"@type":"PropertyValueSpecification","valueRequired":true,"valueName":"search_term_string"}}],"inLanguage":"eu"},{"@type":"Organization","@id":"https:\/\/zaik.cc\/#organization","name":"ZAIK.CC","url":"https:\/\/zaik.cc\/","logo":{"@type":"ImageObject","inLanguage":"eu","@id":"https:\/\/zaik.cc\/#\/schema\/logo\/image\/","url":"https:\/\/zaik.cc\/wp-content\/uploads\/2023\/11\/ZAIK-logo.png","contentUrl":"https:\/\/zaik.cc\/wp-content\/uploads\/2023\/11\/ZAIK-logo.png","width":3746,"height":2337,"caption":"ZAIK.CC"},"image":{"@id":"https:\/\/zaik.cc\/#\/schema\/logo\/image\/"},"sameAs":["https:\/\/www.instagram.com\/zaik__cc\/"]}]}},"_links":{"self":[{"href":"https:\/\/zaik.cc\/eu\/wp-json\/wp\/v2\/pages\/10","targetHints":{"allow":["GET"]}}],"collection":[{"href":"https:\/\/zaik.cc\/eu\/wp-json\/wp\/v2\/pages"}],"about":[{"href":"https:\/\/zaik.cc\/eu\/wp-json\/wp\/v2\/types\/page"}],"author":[{"embeddable":true,"href":"https:\/\/zaik.cc\/eu\/wp-json\/wp\/v2\/users\/1"}],"replies":[{"embeddable":true,"href":"https:\/\/zaik.cc\/eu\/wp-json\/wp\/v2\/comments?post=10"}],"version-history":[{"count":11,"href":"https:\/\/zaik.cc\/eu\/wp-json\/wp\/v2\/pages\/10\/revisions"}],"predecessor-version":[{"id":692,"href":"https:\/\/zaik.cc\/eu\/wp-json\/wp\/v2\/pages\/10\/revisions\/692"}],"wp:attachment":[{"href":"https:\/\/zaik.cc\/eu\/wp-json\/wp\/v2\/media?parent=10"}],"curies":[{"name":"wp","href":"https:\/\/api.w.org\/{rel}","templated":true}]}}