{"id":3,"date":"2023-04-18T10:55:37","date_gmt":"2023-04-18T10:55:37","guid":{"rendered":"https:\/\/zaik.pruebaensilencio.es\/?page_id=3"},"modified":"2023-10-30T11:06:55","modified_gmt":"2023-10-30T11:06:55","slug":"politica-privacidad","status":"publish","type":"page","link":"https:\/\/zaik.cc\/eu\/politica-privacidad\/","title":{"rendered":"Pol\u00edtica de privacidad"},"content":{"rendered":"<div class=\"wpb-content-wrapper\"><div class=\"vc_row wpb_row vc_row-fluid\"><div class=\"wpb_column vc_column_container vc_col-sm-12\"><div class=\"vc_column-inner\"><div class=\"wpb_wrapper\">\n\t<div class=\"wpb_text_column wpb_content_element\" >\n\t\t<div class=\"wpb_wrapper\">\n\t\t\t<h1 class=\"page-title\">Aviso legal y pol\u00edtica de privacidad<\/h1>\n\n\t\t<\/div>\n\t<\/div>\n<\/div><\/div><\/div><\/div><div class=\"vc_row wpb_row vc_row-fluid\"><div class=\"wpb_column vc_column_container vc_col-sm-12\"><div class=\"vc_column-inner\"><div class=\"wpb_wrapper\">\n\t<div class=\"wpb_text_column wpb_content_element\" >\n\t\t<div class=\"wpb_wrapper\">\n\t\t\t<p>INFORMACI\u00d3N LEGAL LSSIYCE<\/p>\n<p>De acuerdo con las obligaciones previstas en la Ley 34\/2002, de servicios de la Sociedad de la Informaci\u00f3n y del comercio electr\u00f3nico (en adelante LSSIYCE), ARIMA PERFORMANCE, S.L. manifiesta que el dominio\u00a0<a href=\"https:\/\/zaik.cc\/eu\/\">www.zaik.cc<\/a>\u00a0es propiedad de ARIMA PERFORMANCE, S.L., con CIF B-09749367, y domicilio en POLIGONO INDUSTRIAL ERRATZU,311, 20130 URNIETA ( GIPUZKOA ) .<\/p>\n<p>Que ARIMA PERFORMANCE, S.L.consta inscrita en el Registro Mercantil de Gipuzkoa, en el tomo 2849, folio 48, hoja n\u00famero SS 40505.<\/p>\n<p>ARIMA PERFORMANCE, S.L. no puede asumir ninguna responsabilidad derivada del uso incorrecto, inapropiado o il\u00edcito de la informaci\u00f3n aparecida en sus p\u00e1ginas.<\/p>\n<p>Con los l\u00edmites establecidos en la ley, ARIMA PERFORMANCE, S.L. no asume ninguna responsabilidad derivada de la falta de veracidad, integridad, actualizaci\u00f3n y precisi\u00f3n de los datos o informaciones que se contienen en sus p\u00e1ginas de Internet. Los contenidos e informaci\u00f3n de las p\u00e1ginas de Internet de ARIMA PERFORMANCE, S.L. est\u00e1n elaborados por profesionales debidamente cualificados para el ejercicio de su profesi\u00f3n. Sin embargo, los contenidos e informaci\u00f3n no vinculan a la susodicha, ni constituyen opiniones, consejos o asesoramiento legal de ning\u00fan tipo, pues se trata meramente de un servicio ofrecido con car\u00e1cter informativo y divulgativo.<\/p>\n<p>Las p\u00e1ginas de Internet de ARIMA PERFORMANCE, S.L. pueden contener enlaces (links) a otras p\u00e1ginas de terceras. Por lo tanto, \u00e9sta no puede asumir responsabilidades por el contenido que pueda aparecer en p\u00e1ginas de terceros. Los textos, im\u00e1genes, sonidos, animaciones, software y el resto de contenidos incluidos en este website son propiedad exclusiva de ARIMA PERFORMANCE, S.L. o sus licenciantes. Cualquier acto de transmisi\u00f3n, distribuci\u00f3n, cesi\u00f3n, reproducci\u00f3n, almacenamiento o comunicaci\u00f3n p\u00fablica total o parcial, debe contar con el consentimiento expreso de ARIMA PERFORMANCE, S.L..<\/p>\n<p>&nbsp;<\/p>\n<p>&nbsp;<\/p>\n<p>PROTECCI\u00d3N DE DATOS PERSONALES<\/p>\n<p>En virtud de la normativa de Protecci\u00f3n de Datos de Car\u00e1cter Personal, por la presente autoriza a que los datos personales facilitados sean tratados por ARIMA PERFORMANCE, S.L., CIF: B-09749367 y sede social en POLIGONO INDUSTRIAL ERRATZU,311, 20130 URNIETA ( GIPUZKOA ) .<\/p>\n<p>Cuando los datos sean captados en el procedimiento de compra, estos datos ser\u00e1n incluidos en un fichero denominado Gesti\u00f3n.<\/p>\n<p>La finalidad de este tratamiento es la de gestionar su petici\u00f3n y gestionar su compra. Estos datos s\u00f3lo ser\u00e1n transmitidos cuando sean necesarios para la realizaci\u00f3n de la entrega del pedido y ser\u00e1n conservados siempre que sea necesario por la normativa de contrataci\u00f3n y las obligaciones derivadas de ella.<\/p>\n<p>Cuando estos datos sean facilitados a trav\u00e9s del procedimiento de contacto; estos ser\u00e1n incorporados en el\u00a0 fichero de Contactos, que tiene por finalidad la de gestionar y atender las peticiones de las personas de contacto. Estos datos no ser\u00e1n transmitidos a terceras personas y tan s\u00f3lo ser\u00e1n conservados mientras se mantenga el inter\u00e9s leg\u00edtimo que ocasion\u00f3 su tratamiento.<\/p>\n<p><u>Env\u00edo de informaci\u00f3n comercial:<\/u><\/p>\n<p>Si el usuario, este registrado o no, \u00a0desea recibir comunicaciones publicitarias o promocionales en el correo electr\u00f3nico y direcci\u00f3n facilitados\u00a0 en el formulario habilitado para la recogida de datos, es necesario marcar una cruz en la casilla ( Si ) consider\u00e1ndose\u00a0 esta acci\u00f3n afirmativa conforme se autoriza de forma expresa e informada la recepci\u00f3n de informaci\u00f3n comercial sobre productos, servicios as\u00ed como promociones de ARIMA PERFORMANCE, S.L. ; en el caso que se marque una cruz en la casilla ( No)\u00a0 se entender\u00e1 que el usuario ha manifestado su negativa a recibir informaci\u00f3n de car\u00e1cter comercial ( comunicaciones publicitarias o promocionales ) :<\/p>\n<p>S\u00ed acepto recibir informaci\u00f3n comercial sobre productos, servicios as\u00ed como promociones de ARIMA PERFORMANCE, S.L<\/p>\n<p>No acepto recibir informaci\u00f3n comercial sobre productos, servicios as\u00ed como promociones de ARIMA PERFORMANCE, S.L<\/p>\n<p>En cualquier caso podr\u00e1 indicar la revocaci\u00f3n del consentimiento otorgado, as\u00ed como ejercitar los derechos de acceso, rectificaci\u00f3n o supresi\u00f3n, la limitaci\u00f3n del tratamiento u oponerse, as\u00ed como el derecho a la portabilidad de los datos. Estas peticiones ser\u00e1 necesario que se realicen en POLIGONO INDUSTRIAL ERRATZU,311, 2013 URNIETA ( GIPUZKOA )\u00a0 o en el correo go@zaik.cc.<\/p>\n<p>Asimismo podr\u00e1 presentar una reclamaci\u00f3n ante la Agencia Espa\u00f1ola de Protecci\u00f3n de Datos.<\/p>\n<p>&nbsp;<\/p>\n<p>&nbsp;<\/p>\n<p>PROPIEDAD INDUSTRIAL E INTELECTUAL<\/p>\n<p>Esta web es propiedad de ARIMA PERFORMANCE, S.L.. Los derechos de Propiedad Intelectual y derechos de explotaci\u00f3n y reproducci\u00f3n de esta web, de sus p\u00e1ginas, pantallas, la Informaci\u00f3n que contienen, su apariencia y dise\u00f1o, as\u00ed como los v\u00ednculos (\u201chiperlinks\u201d) que se establezcan desde ella a otras p\u00e1ginas web de cualquier sociedad filial y\/o dominada de ARIMA PERFORMANCE, S.L., son propiedad exclusiva de \u00e9sta, salvo que expresamente se especifique otra cosa.<\/p>\n<p>Cualquier denominaci\u00f3n, dise\u00f1o y\/o logotipo, as\u00ed como cualquier producto o servicio ofrecidos y reflejados en esta p\u00e1gina web, son marcas debidamente registradas por ARIMA PERFORMANCE, S.L.<\/p>\n<p>, por sus sociedades filiales y\/o dominadas o por terceros.<\/p>\n<p>Cualquier uso indebido de las mismas por personas diferentes de su leg\u00edtimo titular y sin el consentimiento expreso e inequ\u00edvoco por parte de \u00e9ste podr\u00e1 ser denunciado y perseguido a trav\u00e9s de todos los medio legales existentes en el Ordenamiento Jur\u00eddico espa\u00f1ol y\/o comunitario.<\/p>\n<p>Los derechos de propiedad intelectual y marcas de terceros est\u00e1n destacados convenientemente y deben ser respetados por todo aqu\u00e9l que acceda a esta p\u00e1gina, no siendo responsabilidad de ARIMA PERFORMANCE, S.L. el uso que EL USUARIO pueda llevar a cabo al respecto, recayendo la responsabilidad exclusiva en su persona.<\/p>\n<p>S\u00f3lo para uso personal y privado se permite descargar los contenidos, copiar o imprimir cualquier p\u00e1gina de esta web. Queda prohibido reproducir, transmitir, modificar o suprimir la informaci\u00f3n, contenido o advertencias de esta web sin la previa autorizaci\u00f3n por escrito de ARIMA PERFORMANCE, S.L..<\/p>\n<p>ARIMA PERFORMANCE, S.L.no transfiere a los usuarios la propiedad de su software. El usuario es el propietario del soporte en el cual el software es grabado. ARIMA PERFORMANCE, S.L. posee todos los derechos de propiedad industrial e intelectual, incluyendo el software. Si el usuario transfiere el software de este website a su terminal, no podr\u00e1 diseccionar para su estudio y descompilar, traducir la versi\u00f3n del c\u00f3digo objeto original o su lenguaje a otro c\u00f3digo o lenguaje.<\/p>\n<p>&nbsp;<\/p>\n<p>&nbsp;<\/p>\n<p>LEY APLICABLE Y JURISDICCI\u00d3N<\/p>\n<p>Las presentes condiciones generales se rigen por la Legislaci\u00f3n espa\u00f1ola, siendo competentes los Juzgados y Tribunales espa\u00f1oles\u00a0 para conocer de cuantas cuestiones se susciten sobre la interpretaci\u00f3n, aplicaci\u00f3n e cumplimiento de las mismas. EL USUARIO, por virtud de su aceptaci\u00f3n a las condiciones generales recogidas en este aviso legal, renuncia expresamente a cualquier fuero que, por aplicaci\u00f3n de la Ley de Enjuiciamiento Civil vigente pudiera corresponderle.<\/p>\n\n\t\t<\/div>\n\t<\/div>\n<\/div><\/div><\/div><\/div><\/div>","protected":false},"excerpt":{"rendered":"Aviso legal y pol\u00edtica de privacidad INFORMACI\u00d3N LEGAL LSSIYCE De acuerdo con las obligaciones previstas en la Ley 34\/2002, de servicios de la Sociedad de la Informaci\u00f3n y del comercio electr\u00f3nico (en adelante LSSIYCE), ARIMA PERFORMANCE, S.L. manifiesta que el dominio\u00a0www.zaik.cc\u00a0es propiedad de ARIMA PERFORMANCE, S.L., con CIF B-09749367, y domicilio en POLIGONO INDUSTRIAL ERRATZU,311, [...]","protected":false},"author":1,"featured_media":0,"parent":0,"menu_order":0,"comment_status":"closed","ping_status":"open","template":"","meta":{"_acf_changed":false,"footnotes":""},"class_list":["post-3","page","type-page","status-publish","hentry"],"acf":[],"yoast_head":"<!-- This site is optimized with the Yoast SEO plugin v26.3 - https:\/\/yoast.com\/wordpress\/plugins\/seo\/ -->\n<title>Pol\u00edtica de privacidad - ZAIK<\/title>\n<meta name=\"robots\" content=\"index, follow, max-snippet:-1, max-image-preview:large, max-video-preview:-1\" \/>\n<link rel=\"canonical\" href=\"https:\/\/zaik.cc\/eu\/politica-privacidad\/\" \/>\n<meta property=\"og:locale\" content=\"en_US\" \/>\n<meta property=\"og:type\" content=\"article\" \/>\n<meta property=\"og:title\" content=\"Pol\u00edtica de privacidad - ZAIK\" \/>\n<meta property=\"og:url\" content=\"https:\/\/zaik.cc\/eu\/politica-privacidad\/\" \/>\n<meta property=\"og:site_name\" content=\"ZAIK\" \/>\n<meta property=\"article:modified_time\" content=\"2023-10-30T11:06:55+00:00\" \/>\n<meta name=\"twitter:card\" content=\"summary_large_image\" \/>\n<meta name=\"twitter:label1\" content=\"Est. reading time\" \/>\n\t<meta name=\"twitter:data1\" content=\"6 minutua\" \/>\n<script type=\"application\/ld+json\" class=\"yoast-schema-graph\">{\"@context\":\"https:\/\/schema.org\",\"@graph\":[{\"@type\":\"WebPage\",\"@id\":\"https:\/\/zaik.cc\/politica-privacidad\/\",\"url\":\"https:\/\/zaik.cc\/politica-privacidad\/\",\"name\":\"Pol\u00edtica de privacidad - ZAIK\",\"isPartOf\":{\"@id\":\"https:\/\/zaik.cc\/#website\"},\"datePublished\":\"2023-04-18T10:55:37+00:00\",\"dateModified\":\"2023-10-30T11:06:55+00:00\",\"breadcrumb\":{\"@id\":\"https:\/\/zaik.cc\/politica-privacidad\/#breadcrumb\"},\"inLanguage\":\"eu\",\"potentialAction\":[{\"@type\":\"ReadAction\",\"target\":[\"https:\/\/zaik.cc\/politica-privacidad\/\"]}]},{\"@type\":\"BreadcrumbList\",\"@id\":\"https:\/\/zaik.cc\/politica-privacidad\/#breadcrumb\",\"itemListElement\":[{\"@type\":\"ListItem\",\"position\":1,\"name\":\"Home\",\"item\":\"https:\/\/zaik.cc\/\"},{\"@type\":\"ListItem\",\"position\":2,\"name\":\"Pol\u00edtica de privacidad\"}]},{\"@type\":\"WebSite\",\"@id\":\"https:\/\/zaik.cc\/#website\",\"url\":\"https:\/\/zaik.cc\/\",\"name\":\"ZAIK.CC\",\"description\":\"Cycling community\",\"publisher\":{\"@id\":\"https:\/\/zaik.cc\/#organization\"},\"potentialAction\":[{\"@type\":\"SearchAction\",\"target\":{\"@type\":\"EntryPoint\",\"urlTemplate\":\"https:\/\/zaik.cc\/?s={search_term_string}\"},\"query-input\":{\"@type\":\"PropertyValueSpecification\",\"valueRequired\":true,\"valueName\":\"search_term_string\"}}],\"inLanguage\":\"eu\"},{\"@type\":\"Organization\",\"@id\":\"https:\/\/zaik.cc\/#organization\",\"name\":\"ZAIK.CC\",\"url\":\"https:\/\/zaik.cc\/\",\"logo\":{\"@type\":\"ImageObject\",\"inLanguage\":\"eu\",\"@id\":\"https:\/\/zaik.cc\/#\/schema\/logo\/image\/\",\"url\":\"https:\/\/zaik.cc\/wp-content\/uploads\/2023\/11\/ZAIK-logo.png\",\"contentUrl\":\"https:\/\/zaik.cc\/wp-content\/uploads\/2023\/11\/ZAIK-logo.png\",\"width\":3746,\"height\":2337,\"caption\":\"ZAIK.CC\"},\"image\":{\"@id\":\"https:\/\/zaik.cc\/#\/schema\/logo\/image\/\"},\"sameAs\":[\"https:\/\/www.instagram.com\/zaik__cc\/\"]}]}<\/script>\n<!-- \/ Yoast SEO plugin. -->","yoast_head_json":{"title":"Pol\u00edtica de privacidad - ZAIK","robots":{"index":"index","follow":"follow","max-snippet":"max-snippet:-1","max-image-preview":"max-image-preview:large","max-video-preview":"max-video-preview:-1"},"canonical":"https:\/\/zaik.cc\/eu\/politica-privacidad\/","og_locale":"en_US","og_type":"article","og_title":"Pol\u00edtica de privacidad - ZAIK","og_url":"https:\/\/zaik.cc\/eu\/politica-privacidad\/","og_site_name":"ZAIK","article_modified_time":"2023-10-30T11:06:55+00:00","twitter_card":"summary_large_image","twitter_misc":{"Est. reading time":"6 minutua"},"schema":{"@context":"https:\/\/schema.org","@graph":[{"@type":"WebPage","@id":"https:\/\/zaik.cc\/politica-privacidad\/","url":"https:\/\/zaik.cc\/politica-privacidad\/","name":"Pol\u00edtica de privacidad - ZAIK","isPartOf":{"@id":"https:\/\/zaik.cc\/#website"},"datePublished":"2023-04-18T10:55:37+00:00","dateModified":"2023-10-30T11:06:55+00:00","breadcrumb":{"@id":"https:\/\/zaik.cc\/politica-privacidad\/#breadcrumb"},"inLanguage":"eu","potentialAction":[{"@type":"ReadAction","target":["https:\/\/zaik.cc\/politica-privacidad\/"]}]},{"@type":"BreadcrumbList","@id":"https:\/\/zaik.cc\/politica-privacidad\/#breadcrumb","itemListElement":[{"@type":"ListItem","position":1,"name":"Home","item":"https:\/\/zaik.cc\/"},{"@type":"ListItem","position":2,"name":"Pol\u00edtica de privacidad"}]},{"@type":"WebSite","@id":"https:\/\/zaik.cc\/#website","url":"https:\/\/zaik.cc\/","name":"ZAIK.CC","description":"Cycling community","publisher":{"@id":"https:\/\/zaik.cc\/#organization"},"potentialAction":[{"@type":"SearchAction","target":{"@type":"EntryPoint","urlTemplate":"https:\/\/zaik.cc\/?s={search_term_string}"},"query-input":{"@type":"PropertyValueSpecification","valueRequired":true,"valueName":"search_term_string"}}],"inLanguage":"eu"},{"@type":"Organization","@id":"https:\/\/zaik.cc\/#organization","name":"ZAIK.CC","url":"https:\/\/zaik.cc\/","logo":{"@type":"ImageObject","inLanguage":"eu","@id":"https:\/\/zaik.cc\/#\/schema\/logo\/image\/","url":"https:\/\/zaik.cc\/wp-content\/uploads\/2023\/11\/ZAIK-logo.png","contentUrl":"https:\/\/zaik.cc\/wp-content\/uploads\/2023\/11\/ZAIK-logo.png","width":3746,"height":2337,"caption":"ZAIK.CC"},"image":{"@id":"https:\/\/zaik.cc\/#\/schema\/logo\/image\/"},"sameAs":["https:\/\/www.instagram.com\/zaik__cc\/"]}]}},"_links":{"self":[{"href":"https:\/\/zaik.cc\/eu\/wp-json\/wp\/v2\/pages\/3","targetHints":{"allow":["GET"]}}],"collection":[{"href":"https:\/\/zaik.cc\/eu\/wp-json\/wp\/v2\/pages"}],"about":[{"href":"https:\/\/zaik.cc\/eu\/wp-json\/wp\/v2\/types\/page"}],"author":[{"embeddable":true,"href":"https:\/\/zaik.cc\/eu\/wp-json\/wp\/v2\/users\/1"}],"replies":[{"embeddable":true,"href":"https:\/\/zaik.cc\/eu\/wp-json\/wp\/v2\/comments?post=3"}],"version-history":[{"count":3,"href":"https:\/\/zaik.cc\/eu\/wp-json\/wp\/v2\/pages\/3\/revisions"}],"predecessor-version":[{"id":691,"href":"https:\/\/zaik.cc\/eu\/wp-json\/wp\/v2\/pages\/3\/revisions\/691"}],"wp:attachment":[{"href":"https:\/\/zaik.cc\/eu\/wp-json\/wp\/v2\/media?parent=3"}],"curies":[{"name":"wp","href":"https:\/\/api.w.org\/{rel}","templated":true}]}}