{"id":90,"date":"2023-07-19T13:15:45","date_gmt":"2023-07-19T13:15:45","guid":{"rendered":"https:\/\/zaik.pruebaensilencio.es\/?page_id=90"},"modified":"2023-11-29T11:54:36","modified_gmt":"2023-11-29T10:54:36","slug":"about","status":"publish","type":"page","link":"https:\/\/zaik.cc\/eu\/about\/","title":{"rendered":"About"},"content":{"rendered":"<p>Bienvenido a Zaik.cc, donde nuestra historia se entrelaza con la pasi\u00f3n por la personalizaci\u00f3n de ropa ciclista de calidad. En la secci\u00f3n \u00abAbout\u00bb, compartimos nuestro viaje, desde los humildes comienzos hasta convertirnos en un referente en el mundo del ciclismo personalizado.<\/p>\n<p>Fundada con la visi\u00f3n de ofrecer a los ciclistas la libertad de expresar su individualidad a trav\u00e9s de la moda deportiva, Zaik.cc ha evolucionado con un compromiso inquebrantable con la excelencia. Nos enorgullece no solo proporcionar prendas personalizadas, sino tambi\u00e9n contar la historia detr\u00e1s de cada dise\u00f1o.<\/p>\n<p>Nuestra dedicaci\u00f3n va m\u00e1s all\u00e1 de la est\u00e9tica; se trata de construir una comunidad de ciclistas que valora la calidad, el rendimiento y la originalidad. En la secci\u00f3n \u00abAbout\u00bb, compartimos los valores que impulsan nuestra marca y c\u00f3mo nos esforzamos por superar las expectativas de nuestros clientes.<\/p>\n<p>Explora la esencia de Zaik.cc, descubre las personas apasionadas detr\u00e1s de cada costura y comprende por qu\u00e9 elegirnos significa m\u00e1s que simplemente adquirir ropa de ciclismo personalizada. \u00danete a nuestra comunidad y conoce la historia que estamos creando juntos mientras pedaleamos hacia un futuro donde cada ciclista encuentra su voz \u00fanica.<\/p>","protected":false},"excerpt":{"rendered":"<p>Bienvenido a Zaik.cc, donde nuestra historia se entrelaza con la pasi\u00f3n por la personalizaci\u00f3n de ropa ciclista de calidad. En la secci\u00f3n \u00abAbout\u00bb, compartimos nuestro viaje, desde los humildes comienzos hasta convertirnos en un referente en el mundo del ciclismo personalizado. Fundada con la visi\u00f3n de ofrecer a los ciclistas la libertad de expresar su [&hellip;]<\/p>","protected":false},"author":1,"featured_media":0,"parent":0,"menu_order":0,"comment_status":"closed","ping_status":"closed","template":"","meta":{"_acf_changed":false,"footnotes":""},"class_list":["post-90","page","type-page","status-publish","hentry"],"acf":[],"yoast_head":"<!-- This site is optimized with the Yoast SEO plugin v26.3 - https:\/\/yoast.com\/wordpress\/plugins\/seo\/ -->\n<title>About - ZAIK<\/title>\n<meta name=\"description\" content=\"Descubre la historia apasionante de Zaik.cc y nuestro compromiso con la excelencia en la personalizaci\u00f3n de ropa ciclista.\" \/>\n<meta name=\"robots\" content=\"index, follow, max-snippet:-1, max-image-preview:large, max-video-preview:-1\" \/>\n<link rel=\"canonical\" href=\"https:\/\/zaik.cc\/eu\/about\/\" \/>\n<meta property=\"og:locale\" content=\"en_US\" \/>\n<meta property=\"og:type\" content=\"article\" \/>\n<meta property=\"og:title\" content=\"About - ZAIK\" \/>\n<meta property=\"og:description\" content=\"Descubre la historia apasionante de Zaik.cc y nuestro compromiso con la excelencia en la personalizaci\u00f3n de ropa ciclista.\" \/>\n<meta property=\"og:url\" content=\"https:\/\/zaik.cc\/eu\/about\/\" \/>\n<meta property=\"og:site_name\" content=\"ZAIK\" \/>\n<meta property=\"article:modified_time\" content=\"2023-11-29T10:54:36+00:00\" \/>\n<meta name=\"twitter:card\" content=\"summary_large_image\" \/>\n<meta name=\"twitter:label1\" content=\"Est. reading time\" \/>\n\t<meta name=\"twitter:data1\" content=\"1 minutua\" \/>\n<script type=\"application\/ld+json\" class=\"yoast-schema-graph\">{\"@context\":\"https:\/\/schema.org\",\"@graph\":[{\"@type\":\"WebPage\",\"@id\":\"https:\/\/zaik.cc\/about\/\",\"url\":\"https:\/\/zaik.cc\/about\/\",\"name\":\"About - ZAIK\",\"isPartOf\":{\"@id\":\"https:\/\/zaik.cc\/#website\"},\"datePublished\":\"2023-07-19T13:15:45+00:00\",\"dateModified\":\"2023-11-29T10:54:36+00:00\",\"description\":\"Descubre la historia apasionante de Zaik.cc y nuestro compromiso con la excelencia en la personalizaci\u00f3n de ropa ciclista.\",\"breadcrumb\":{\"@id\":\"https:\/\/zaik.cc\/about\/#breadcrumb\"},\"inLanguage\":\"eu\",\"potentialAction\":[{\"@type\":\"ReadAction\",\"target\":[\"https:\/\/zaik.cc\/about\/\"]}]},{\"@type\":\"BreadcrumbList\",\"@id\":\"https:\/\/zaik.cc\/about\/#breadcrumb\",\"itemListElement\":[{\"@type\":\"ListItem\",\"position\":1,\"name\":\"Home\",\"item\":\"https:\/\/zaik.cc\/\"},{\"@type\":\"ListItem\",\"position\":2,\"name\":\"About\"}]},{\"@type\":\"WebSite\",\"@id\":\"https:\/\/zaik.cc\/#website\",\"url\":\"https:\/\/zaik.cc\/\",\"name\":\"ZAIK.CC\",\"description\":\"Cycling community\",\"publisher\":{\"@id\":\"https:\/\/zaik.cc\/#organization\"},\"potentialAction\":[{\"@type\":\"SearchAction\",\"target\":{\"@type\":\"EntryPoint\",\"urlTemplate\":\"https:\/\/zaik.cc\/?s={search_term_string}\"},\"query-input\":{\"@type\":\"PropertyValueSpecification\",\"valueRequired\":true,\"valueName\":\"search_term_string\"}}],\"inLanguage\":\"eu\"},{\"@type\":\"Organization\",\"@id\":\"https:\/\/zaik.cc\/#organization\",\"name\":\"ZAIK.CC\",\"url\":\"https:\/\/zaik.cc\/\",\"logo\":{\"@type\":\"ImageObject\",\"inLanguage\":\"eu\",\"@id\":\"https:\/\/zaik.cc\/#\/schema\/logo\/image\/\",\"url\":\"https:\/\/zaik.cc\/wp-content\/uploads\/2023\/11\/ZAIK-logo.png\",\"contentUrl\":\"https:\/\/zaik.cc\/wp-content\/uploads\/2023\/11\/ZAIK-logo.png\",\"width\":3746,\"height\":2337,\"caption\":\"ZAIK.CC\"},\"image\":{\"@id\":\"https:\/\/zaik.cc\/#\/schema\/logo\/image\/\"},\"sameAs\":[\"https:\/\/www.instagram.com\/zaik__cc\/\"]}]}<\/script>\n<!-- \/ Yoast SEO plugin. -->","yoast_head_json":{"title":"About - ZAIK","description":"Descubre la historia apasionante de Zaik.cc y nuestro compromiso con la excelencia en la personalizaci\u00f3n de ropa ciclista.","robots":{"index":"index","follow":"follow","max-snippet":"max-snippet:-1","max-image-preview":"max-image-preview:large","max-video-preview":"max-video-preview:-1"},"canonical":"https:\/\/zaik.cc\/eu\/about\/","og_locale":"en_US","og_type":"article","og_title":"About - ZAIK","og_description":"Descubre la historia apasionante de Zaik.cc y nuestro compromiso con la excelencia en la personalizaci\u00f3n de ropa ciclista.","og_url":"https:\/\/zaik.cc\/eu\/about\/","og_site_name":"ZAIK","article_modified_time":"2023-11-29T10:54:36+00:00","twitter_card":"summary_large_image","twitter_misc":{"Est. reading time":"1 minutua"},"schema":{"@context":"https:\/\/schema.org","@graph":[{"@type":"WebPage","@id":"https:\/\/zaik.cc\/about\/","url":"https:\/\/zaik.cc\/about\/","name":"About - ZAIK","isPartOf":{"@id":"https:\/\/zaik.cc\/#website"},"datePublished":"2023-07-19T13:15:45+00:00","dateModified":"2023-11-29T10:54:36+00:00","description":"Descubre la historia apasionante de Zaik.cc y nuestro compromiso con la excelencia en la personalizaci\u00f3n de ropa ciclista.","breadcrumb":{"@id":"https:\/\/zaik.cc\/about\/#breadcrumb"},"inLanguage":"eu","potentialAction":[{"@type":"ReadAction","target":["https:\/\/zaik.cc\/about\/"]}]},{"@type":"BreadcrumbList","@id":"https:\/\/zaik.cc\/about\/#breadcrumb","itemListElement":[{"@type":"ListItem","position":1,"name":"Home","item":"https:\/\/zaik.cc\/"},{"@type":"ListItem","position":2,"name":"About"}]},{"@type":"WebSite","@id":"https:\/\/zaik.cc\/#website","url":"https:\/\/zaik.cc\/","name":"ZAIK.CC","description":"Cycling community","publisher":{"@id":"https:\/\/zaik.cc\/#organization"},"potentialAction":[{"@type":"SearchAction","target":{"@type":"EntryPoint","urlTemplate":"https:\/\/zaik.cc\/?s={search_term_string}"},"query-input":{"@type":"PropertyValueSpecification","valueRequired":true,"valueName":"search_term_string"}}],"inLanguage":"eu"},{"@type":"Organization","@id":"https:\/\/zaik.cc\/#organization","name":"ZAIK.CC","url":"https:\/\/zaik.cc\/","logo":{"@type":"ImageObject","inLanguage":"eu","@id":"https:\/\/zaik.cc\/#\/schema\/logo\/image\/","url":"https:\/\/zaik.cc\/wp-content\/uploads\/2023\/11\/ZAIK-logo.png","contentUrl":"https:\/\/zaik.cc\/wp-content\/uploads\/2023\/11\/ZAIK-logo.png","width":3746,"height":2337,"caption":"ZAIK.CC"},"image":{"@id":"https:\/\/zaik.cc\/#\/schema\/logo\/image\/"},"sameAs":["https:\/\/www.instagram.com\/zaik__cc\/"]}]}},"_links":{"self":[{"href":"https:\/\/zaik.cc\/eu\/wp-json\/wp\/v2\/pages\/90","targetHints":{"allow":["GET"]}}],"collection":[{"href":"https:\/\/zaik.cc\/eu\/wp-json\/wp\/v2\/pages"}],"about":[{"href":"https:\/\/zaik.cc\/eu\/wp-json\/wp\/v2\/types\/page"}],"author":[{"embeddable":true,"href":"https:\/\/zaik.cc\/eu\/wp-json\/wp\/v2\/users\/1"}],"replies":[{"embeddable":true,"href":"https:\/\/zaik.cc\/eu\/wp-json\/wp\/v2\/comments?post=90"}],"version-history":[{"count":2,"href":"https:\/\/zaik.cc\/eu\/wp-json\/wp\/v2\/pages\/90\/revisions"}],"predecessor-version":[{"id":1438,"href":"https:\/\/zaik.cc\/eu\/wp-json\/wp\/v2\/pages\/90\/revisions\/1438"}],"wp:attachment":[{"href":"https:\/\/zaik.cc\/eu\/wp-json\/wp\/v2\/media?parent=90"}],"curies":[{"name":"wp","href":"https:\/\/api.w.org\/{rel}","templated":true}]}}