{"id":2199,"date":"2024-09-26T11:45:34","date_gmt":"2024-09-26T09:45:34","guid":{"rendered":"https:\/\/zaik.cc\/?post_type=product&#038;p=2199"},"modified":"2026-02-23T11:19:22","modified_gmt":"2026-02-23T10:19:22","slug":"maillot-all-season-gau-mujer","status":"publish","type":"product","link":"https:\/\/zaik.cc\/eu\/produktua\/maillot-all-season-gau-mujer\/","title":{"rendered":"Maillot All Season Gau Mujer"},"content":{"rendered":"<p style=\"text-align: center;\">Detalles:<\/p>\n<p>-Rango de temperatura: 13 &#8211; 25 \u00baC \u00a0 \u00a0 \u00a0 \u00a0 \u00a0 \u00a0 \u00a0 \u00a0 \u00a0 \u00a0 \u00a0 \u00a0 \u00a0 \u00a0 \u00a0 \u00a0 \u00a0 \u00a0 \u00a0 \u00a0 \u00a0 \u00a0 \u00a0 \u00a0 \u00a0 \u00a0 \u00a0 \u00a0 \u00a0 \u00a0 \u00a0 \u00a0 \u00a0 \u00a0 \u00a0 \u00a0 \u00a0 \u00a0 \u00a0 \u00a0 \u00a0 \u00a0 \u00a0 \u00a0 \u00a0 \u00a0 \u00a0 \u00a0 \u00a0 \u00a0 \u00a0 \u00a0 \u00a0 \u00a0 \u00a0 \u00a0 \u00a0 \u00a0 \u00a0 \u00a0 \u00a0 \u00a0 \u00a0 \u00a0 \u00a0 \u00a0 \u00a0 \u00a0 -Tejido: 200g de tejido suave \u00a0 \u00a0 \u00a0 \u00a0 \u00a0 \u00a0 \u00a0 \u00a0 \u00a0 \u00a0 \u00a0 \u00a0 \u00a0 \u00a0 \u00a0 \u00a0 \u00a0 \u00a0 \u00a0 \u00a0 \u00a0 \u00a0 \u00a0 \u00a0 \u00a0 \u00a0 \u00a0 \u00a0 \u00a0 \u00a0 \u00a0 \u00a0 \u00a0 \u00a0 \u00a0 \u00a0 \u00a0 \u00a0 \u00a0 \u00a0 \u00a0 \u00a0 \u00a0 \u00a0 \u00a0 \u00a0 \u00a0 \u00a0 \u00a0 \u00a0 \u00a0 \u00a0 \u00a0 \u00a0 \u00a0 \u00a0 \u00a0 \u00a0 \u00a0 \u00a0 \u00a0 \u00a0 \u00a0 \u00a0 \u00a0 \u00a0 \u00a0 \u00a0 \u00a0 \u00a0 \u00a0 \u00a0 \u00a0 -Ventilaci\u00f3n mejorada: mangas de rejilla<\/p>\n<p>&nbsp;<\/p>\n<p>&nbsp;<\/p>\n<p>Explora la perfecta combinaci\u00f3n de funcionalidad y elegancia con el Maillot All Season Gau Mujer de ZAIK.CC. Este maillot de manga larga ha sido dise\u00f1ado para ofrecer un rendimiento superior en diversas condiciones, adapt\u00e1ndose a temperaturas que oscilan entre 13-25\u00baC. \u00a0Es una opci\u00f3n ideal tanto para las estaciones m\u00e1s templadas como para las m\u00e1s frescas.<\/p>\n<p>Confeccionado con un tejido t\u00e9cnico de 200 gramos, ofrece una sensaci\u00f3n suave al contacto con la piel y garantiza una transpirabilidad \u00f3ptima durante largas jornadas sobre la bicicleta. Las mangas de rejilla permiten una ventilaci\u00f3n estrat\u00e9gica, mejorando la regulaci\u00f3n t\u00e9rmica y brindando una comodidad excepcional en cada salida.<\/p>\n<p>El Maillot All Season Gau destaca por su capacidad para enfrentar cambios clim\u00e1ticos con versatilidad. Es una pieza clave para ciclistas que buscan rendimiento en cualquier estaci\u00f3n del a\u00f1o. Su ajuste ergon\u00f3mico y aerodin\u00e1mico garantiza libertad de movimiento, sin comprometer el estilo.<\/p>\n<p>El tono \u00abGau\u00bb aporta un aire sofisticado y contempor\u00e1neo, convirtiendo a este maillot en una prenda que no solo cumple con los m\u00e1s altos est\u00e1ndares t\u00e9cnicos, sino que tambi\u00e9n hace una declaraci\u00f3n de moda. El dise\u00f1o refleja la pasi\u00f3n y dedicaci\u00f3n al ciclismo, elevando cada trayecto a una nueva experiencia de rendimiento y estilo.<\/p>\n<p>Descubre la prenda que redefine tus expectativas en cada salida con el Maillot All Season Gau Mujer de ZAIK.CC. Innovaci\u00f3n, estilo y rendimiento se fusionan para brindarte una experiencia ciclista sin igual, temporada tras temporada.<\/p>","protected":false},"excerpt":{"rendered":"<p>Detalles: -Rango de temperatura: 13 &#8211; 25 \u00baC \u00a0 \u00a0 \u00a0 \u00a0 \u00a0 \u00a0 \u00a0 \u00a0 \u00a0 \u00a0 \u00a0 \u00a0 \u00a0 \u00a0 \u00a0 \u00a0 \u00a0 \u00a0 \u00a0 \u00a0 \u00a0 \u00a0 \u00a0 \u00a0 \u00a0 \u00a0 \u00a0 \u00a0 \u00a0 \u00a0 \u00a0 \u00a0 \u00a0 \u00a0 \u00a0 \u00a0 \u00a0 \u00a0 \u00a0 \u00a0 \u00a0 \u00a0 \u00a0 \u00a0 \u00a0 \u00a0 \u00a0 [&hellip;]<\/p>\n","protected":false},"featured_media":2650,"template":"","meta":{"_acf_changed":false},"product_brand":[],"product_cat":[37,32,167,156],"product_tag":[92,93,64,94],"class_list":{"0":"post-2199","1":"product","2":"type-product","3":"status-publish","4":"has-post-thumbnail","6":"product_cat-maillot-mujer","7":"product_cat-mujer","8":"product_cat-outlet","9":"product_cat-outlet-mujer","10":"product_tag-maillot-all-season","11":"product_tag-maillot-entretiempo","12":"product_tag-maillot-manga-larga","13":"product_tag-maillot-rojo","14":"pa_color-gau","16":"first","17":"instock","18":"sale","19":"taxable","20":"shipping-taxable","21":"purchasable","22":"product-type-variable"},"acf":[],"yoast_head":"<!-- This site is optimized with the Yoast SEO plugin v27.1.1 - https:\/\/yoast.com\/product\/yoast-seo-wordpress\/ -->\n<title>Maillot All Season Gau Mujer - ZAIK<\/title>\n<meta name=\"description\" content=\"Descubre el Maillot All Season Gau Mujer de ZAIK.CC: versatilidad, rendimiento y estilo en una prenda dise\u00f1ada para adaptarse a cualquier temporada.\" \/>\n<meta name=\"robots\" content=\"index, follow, max-snippet:-1, max-image-preview:large, max-video-preview:-1\" \/>\n<link rel=\"canonical\" href=\"https:\/\/zaik.cc\/eu\/produktua\/maillot-all-season-gau-mujer\/\" \/>\n<meta property=\"og:locale\" content=\"en_US\" \/>\n<meta property=\"og:type\" content=\"article\" \/>\n<meta property=\"og:title\" content=\"Maillot All Season Gau Mujer - ZAIK\" \/>\n<meta property=\"og:description\" content=\"Descubre el Maillot All Season Gau Mujer de ZAIK.CC: versatilidad, rendimiento y estilo en una prenda dise\u00f1ada para adaptarse a cualquier temporada.\" \/>\n<meta property=\"og:url\" content=\"https:\/\/zaik.cc\/eu\/produktua\/maillot-all-season-gau-mujer\/\" \/>\n<meta property=\"og:site_name\" content=\"ZAIK\" \/>\n<meta property=\"article:modified_time\" content=\"2026-02-23T10:19:22+00:00\" \/>\n<meta property=\"og:image\" content=\"https:\/\/zaik.cc\/wp-content\/uploads\/2024\/09\/El-regalo-The-gift-Oparia-Le-cadeau-41.png\" \/>\n\t<meta property=\"og:image:width\" content=\"1141\" \/>\n\t<meta property=\"og:image:height\" content=\"1631\" \/>\n\t<meta property=\"og:image:type\" content=\"image\/png\" \/>\n<meta name=\"twitter:card\" content=\"summary_large_image\" \/>\n<meta name=\"twitter:label1\" content=\"Est. reading time\" \/>\n\t<meta name=\"twitter:data1\" content=\"2 minutua\" \/>\n<script type=\"application\/ld+json\" class=\"yoast-schema-graph\">{\"@context\":\"https:\/\/schema.org\",\"@graph\":[{\"@type\":\"WebPage\",\"@id\":\"https:\/\/zaik.cc\/producto\/maillot-all-season-gau-mujer\/\",\"url\":\"https:\/\/zaik.cc\/producto\/maillot-all-season-gau-mujer\/\",\"name\":\"Maillot All Season Gau Mujer - ZAIK\",\"isPartOf\":{\"@id\":\"https:\/\/zaik.cc\/#website\"},\"primaryImageOfPage\":{\"@id\":\"https:\/\/zaik.cc\/producto\/maillot-all-season-gau-mujer\/#primaryimage\"},\"image\":{\"@id\":\"https:\/\/zaik.cc\/producto\/maillot-all-season-gau-mujer\/#primaryimage\"},\"thumbnailUrl\":\"https:\/\/zaik.cc\/wp-content\/uploads\/2024\/09\/El-regalo-The-gift-Oparia-Le-cadeau-41.png\",\"datePublished\":\"2024-09-26T09:45:34+00:00\",\"dateModified\":\"2026-02-23T10:19:22+00:00\",\"description\":\"Descubre el Maillot All Season Gau Mujer de ZAIK.CC: versatilidad, rendimiento y estilo en una prenda dise\u00f1ada para adaptarse a cualquier temporada.\",\"breadcrumb\":{\"@id\":\"https:\/\/zaik.cc\/producto\/maillot-all-season-gau-mujer\/#breadcrumb\"},\"inLanguage\":\"eu\",\"potentialAction\":[{\"@type\":\"ReadAction\",\"target\":[\"https:\/\/zaik.cc\/producto\/maillot-all-season-gau-mujer\/\"]}]},{\"@type\":\"ImageObject\",\"inLanguage\":\"eu\",\"@id\":\"https:\/\/zaik.cc\/producto\/maillot-all-season-gau-mujer\/#primaryimage\",\"url\":\"https:\/\/zaik.cc\/wp-content\/uploads\/2024\/09\/El-regalo-The-gift-Oparia-Le-cadeau-41.png\",\"contentUrl\":\"https:\/\/zaik.cc\/wp-content\/uploads\/2024\/09\/El-regalo-The-gift-Oparia-Le-cadeau-41.png\",\"width\":1141,\"height\":1631},{\"@type\":\"BreadcrumbList\",\"@id\":\"https:\/\/zaik.cc\/producto\/maillot-all-season-gau-mujer\/#breadcrumb\",\"itemListElement\":[{\"@type\":\"ListItem\",\"position\":1,\"name\":\"Home\",\"item\":\"https:\/\/zaik.cc\/\"},{\"@type\":\"ListItem\",\"position\":2,\"name\":\"Products\",\"item\":\"https:\/\/zaik.cc\/tienda__trashed\/\"},{\"@type\":\"ListItem\",\"position\":3,\"name\":\"Maillot All Season Gau Mujer\"}]},{\"@type\":\"WebSite\",\"@id\":\"https:\/\/zaik.cc\/#website\",\"url\":\"https:\/\/zaik.cc\/\",\"name\":\"ZAIK.CC\",\"description\":\"Cycling community\",\"publisher\":{\"@id\":\"https:\/\/zaik.cc\/#organization\"},\"potentialAction\":[{\"@type\":\"SearchAction\",\"target\":{\"@type\":\"EntryPoint\",\"urlTemplate\":\"https:\/\/zaik.cc\/?s={search_term_string}\"},\"query-input\":{\"@type\":\"PropertyValueSpecification\",\"valueRequired\":true,\"valueName\":\"search_term_string\"}}],\"inLanguage\":\"eu\"},{\"@type\":\"Organization\",\"@id\":\"https:\/\/zaik.cc\/#organization\",\"name\":\"ZAIK.CC\",\"url\":\"https:\/\/zaik.cc\/\",\"logo\":{\"@type\":\"ImageObject\",\"inLanguage\":\"eu\",\"@id\":\"https:\/\/zaik.cc\/#\/schema\/logo\/image\/\",\"url\":\"https:\/\/zaik.cc\/wp-content\/uploads\/2023\/11\/ZAIK-logo.png\",\"contentUrl\":\"https:\/\/zaik.cc\/wp-content\/uploads\/2023\/11\/ZAIK-logo.png\",\"width\":3746,\"height\":2337,\"caption\":\"ZAIK.CC\"},\"image\":{\"@id\":\"https:\/\/zaik.cc\/#\/schema\/logo\/image\/\"},\"sameAs\":[\"https:\/\/www.instagram.com\/zaik__cc\/\"]}]}<\/script>\n<!-- \/ Yoast SEO plugin. -->","yoast_head_json":{"title":"Maillot All Season Gau Mujer - ZAIK","description":"Descubre el Maillot All Season Gau Mujer de ZAIK.CC: versatilidad, rendimiento y estilo en una prenda dise\u00f1ada para adaptarse a cualquier temporada.","robots":{"index":"index","follow":"follow","max-snippet":"max-snippet:-1","max-image-preview":"max-image-preview:large","max-video-preview":"max-video-preview:-1"},"canonical":"https:\/\/zaik.cc\/eu\/produktua\/maillot-all-season-gau-mujer\/","og_locale":"en_US","og_type":"article","og_title":"Maillot All Season Gau Mujer - ZAIK","og_description":"Descubre el Maillot All Season Gau Mujer de ZAIK.CC: versatilidad, rendimiento y estilo en una prenda dise\u00f1ada para adaptarse a cualquier temporada.","og_url":"https:\/\/zaik.cc\/eu\/produktua\/maillot-all-season-gau-mujer\/","og_site_name":"ZAIK","article_modified_time":"2026-02-23T10:19:22+00:00","og_image":[{"width":1141,"height":1631,"url":"https:\/\/zaik.cc\/wp-content\/uploads\/2024\/09\/El-regalo-The-gift-Oparia-Le-cadeau-41.png","type":"image\/png"}],"twitter_card":"summary_large_image","twitter_misc":{"Est. reading time":"2 minutua"},"schema":{"@context":"https:\/\/schema.org","@graph":[{"@type":"WebPage","@id":"https:\/\/zaik.cc\/producto\/maillot-all-season-gau-mujer\/","url":"https:\/\/zaik.cc\/producto\/maillot-all-season-gau-mujer\/","name":"Maillot All Season Gau Mujer - ZAIK","isPartOf":{"@id":"https:\/\/zaik.cc\/#website"},"primaryImageOfPage":{"@id":"https:\/\/zaik.cc\/producto\/maillot-all-season-gau-mujer\/#primaryimage"},"image":{"@id":"https:\/\/zaik.cc\/producto\/maillot-all-season-gau-mujer\/#primaryimage"},"thumbnailUrl":"https:\/\/zaik.cc\/wp-content\/uploads\/2024\/09\/El-regalo-The-gift-Oparia-Le-cadeau-41.png","datePublished":"2024-09-26T09:45:34+00:00","dateModified":"2026-02-23T10:19:22+00:00","description":"Descubre el Maillot All Season Gau Mujer de ZAIK.CC: versatilidad, rendimiento y estilo en una prenda dise\u00f1ada para adaptarse a cualquier temporada.","breadcrumb":{"@id":"https:\/\/zaik.cc\/producto\/maillot-all-season-gau-mujer\/#breadcrumb"},"inLanguage":"eu","potentialAction":[{"@type":"ReadAction","target":["https:\/\/zaik.cc\/producto\/maillot-all-season-gau-mujer\/"]}]},{"@type":"ImageObject","inLanguage":"eu","@id":"https:\/\/zaik.cc\/producto\/maillot-all-season-gau-mujer\/#primaryimage","url":"https:\/\/zaik.cc\/wp-content\/uploads\/2024\/09\/El-regalo-The-gift-Oparia-Le-cadeau-41.png","contentUrl":"https:\/\/zaik.cc\/wp-content\/uploads\/2024\/09\/El-regalo-The-gift-Oparia-Le-cadeau-41.png","width":1141,"height":1631},{"@type":"BreadcrumbList","@id":"https:\/\/zaik.cc\/producto\/maillot-all-season-gau-mujer\/#breadcrumb","itemListElement":[{"@type":"ListItem","position":1,"name":"Home","item":"https:\/\/zaik.cc\/"},{"@type":"ListItem","position":2,"name":"Products","item":"https:\/\/zaik.cc\/tienda__trashed\/"},{"@type":"ListItem","position":3,"name":"Maillot All Season Gau Mujer"}]},{"@type":"WebSite","@id":"https:\/\/zaik.cc\/#website","url":"https:\/\/zaik.cc\/","name":"ZAIK.CC","description":"Cycling community","publisher":{"@id":"https:\/\/zaik.cc\/#organization"},"potentialAction":[{"@type":"SearchAction","target":{"@type":"EntryPoint","urlTemplate":"https:\/\/zaik.cc\/?s={search_term_string}"},"query-input":{"@type":"PropertyValueSpecification","valueRequired":true,"valueName":"search_term_string"}}],"inLanguage":"eu"},{"@type":"Organization","@id":"https:\/\/zaik.cc\/#organization","name":"ZAIK.CC","url":"https:\/\/zaik.cc\/","logo":{"@type":"ImageObject","inLanguage":"eu","@id":"https:\/\/zaik.cc\/#\/schema\/logo\/image\/","url":"https:\/\/zaik.cc\/wp-content\/uploads\/2023\/11\/ZAIK-logo.png","contentUrl":"https:\/\/zaik.cc\/wp-content\/uploads\/2023\/11\/ZAIK-logo.png","width":3746,"height":2337,"caption":"ZAIK.CC"},"image":{"@id":"https:\/\/zaik.cc\/#\/schema\/logo\/image\/"},"sameAs":["https:\/\/www.instagram.com\/zaik__cc\/"]}]}},"_links":{"self":[{"href":"https:\/\/zaik.cc\/eu\/wp-json\/wp\/v2\/product\/2199","targetHints":{"allow":["GET"]}}],"collection":[{"href":"https:\/\/zaik.cc\/eu\/wp-json\/wp\/v2\/product"}],"about":[{"href":"https:\/\/zaik.cc\/eu\/wp-json\/wp\/v2\/types\/product"}],"wp:featuredmedia":[{"embeddable":true,"href":"https:\/\/zaik.cc\/eu\/wp-json\/wp\/v2\/media\/2650"}],"wp:attachment":[{"href":"https:\/\/zaik.cc\/eu\/wp-json\/wp\/v2\/media?parent=2199"}],"wp:term":[{"taxonomy":"product_brand","embeddable":true,"href":"https:\/\/zaik.cc\/eu\/wp-json\/wp\/v2\/product_brand?post=2199"},{"taxonomy":"product_cat","embeddable":true,"href":"https:\/\/zaik.cc\/eu\/wp-json\/wp\/v2\/product_cat?post=2199"},{"taxonomy":"product_tag","embeddable":true,"href":"https:\/\/zaik.cc\/eu\/wp-json\/wp\/v2\/product_tag?post=2199"}],"curies":[{"name":"wp","href":"https:\/\/api.w.org\/{rel}","templated":true}]}}