{"id":2429,"date":"2024-12-21T13:04:47","date_gmt":"2024-12-21T12:04:47","guid":{"rendered":"https:\/\/zaik.cc\/?post_type=product&#038;p=2429"},"modified":"2025-11-12T11:05:30","modified_gmt":"2025-11-12T10:05:30","slug":"chaleco-pro-lite-mujer","status":"publish","type":"product","link":"https:\/\/zaik.cc\/eu\/produktua\/chaleco-pro-lite-mujer\/","title":{"rendered":"Chaleco Pro Lite Mujer"},"content":{"rendered":"<p>Este Chaleco Pro Lite de mujer combina innovaci\u00f3n, comodidad y estilo siendo el aliado perfecto para tus rutas en condiciones cambiantes.<\/p>\n<p>Combinamos una membrana frontal cortavientos fabricada con un tejido t\u00e9cnico avanzado y una rejilla transpirable en la espalda. La membrana en la parte frontal, protege eficazmente contra el fr\u00edo y el viento, ofreciendo aislamiento sin a\u00f1adir peso innecesario. Ideal para las primeras horas de la ma\u00f1ana o descensos r\u00e1pidos. Mientras que la rejilla en la espalda es un tejido ligero y de alta ventilaci\u00f3n para regular la temperatura corporal, permitiendo que el sudor se evacue r\u00e1pidamente, manteni\u00e9ndote seco y c\u00f3modo incluso en los tramos m\u00e1s exigentes<\/p>\n<p>Este chaleco Pro Lite est\u00e1 compuesta por una cremallera de doble carro. Su sistema de apertura bidireccional permite ajustes r\u00e1pidos para mayor ventilaci\u00f3n o para acceder f\u00e1cilmente a las capas interiores<\/p>\n<p>Tambi\u00e9n conlleva agujeros de acceso a los bolsillos del <a href=\"https:\/\/zaik.cc\/eu\/categoria\/maillot-mujer\/\">maillot<\/a>. Un detalle pr\u00e1ctico que facilita el uso de los bolsillos traseros del maillot sin necesidad de quitarte el chaleco. Este dise\u00f1o intuitivo optimiza tu experiencia en la carretera.<\/p>\n<p>Su dise\u00f1o ultraligero hace que sea f\u00e1cil de guardar en el bolsillo del <a href=\"https:\/\/zaik.cc\/eu\/categoria\/maillot-mujer\/\">maillot<\/a> cuando no lo necesites. Adem\u00e1s su ajuste ergon\u00f3mico asegura que se adapte al cuerpo reduciendo la resistencia al viento y garantizando la m\u00e1xima libertad de movimiento.<\/p>\n<p>El elegante color gris aporta un toque moderno y vers\u00e1til que combina con cualquier equipaci\u00f3n de ciclismo perfecto para entrenamientos competiciones o aventuras recreativas.<\/p>\n<p>Con este Chaleco Pro Lite tendr\u00e1s una prenda imprescindible para enfrentar los elementos sin comprometer tu rendimiento. A\u00f1\u00e1delo a tu equipo y rueda con confianza en cada kil\u00f3metro.<\/p>","protected":false},"excerpt":{"rendered":"<p>Este Chaleco Pro Lite de mujer combina innovaci\u00f3n, comodidad y estilo siendo el aliado perfecto para tus rutas en condiciones cambiantes. Combinamos una membrana frontal cortavientos fabricada con un tejido t\u00e9cnico avanzado y una rejilla transpirable en la espalda. La membrana en la parte frontal, protege eficazmente contra el fr\u00edo y el viento, ofreciendo aislamiento [&hellip;]<\/p>","protected":false},"featured_media":2647,"template":"","meta":{"_acf_changed":false},"product_brand":[],"product_cat":[55,32],"product_tag":[],"class_list":{"0":"post-2429","1":"product","2":"type-product","3":"status-publish","4":"has-post-thumbnail","6":"product_cat-capas-mujer","7":"product_cat-mujer","9":"first","10":"instock","11":"taxable","12":"shipping-taxable","13":"purchasable","14":"product-type-variable"},"acf":[],"yoast_head":"<!-- This site is optimized with the Yoast SEO plugin v26.4 - https:\/\/yoast.com\/wordpress\/plugins\/seo\/ -->\n<title>Chaleco Pro Lite Mujer - ZAIK<\/title>\n<meta name=\"description\" content=\"Chaleco Pro lite de mujer, cortavientos y transpirable . Dise\u00f1o funcional con cremallera doble y acceso a bolsillos. Ligero, compacto y elegante.\" \/>\n<meta name=\"robots\" content=\"index, follow, max-snippet:-1, max-image-preview:large, max-video-preview:-1\" \/>\n<link rel=\"canonical\" href=\"https:\/\/zaik.cc\/eu\/produktua\/chaleco-pro-lite-mujer\/\" \/>\n<meta property=\"og:locale\" content=\"en_US\" \/>\n<meta property=\"og:type\" content=\"article\" \/>\n<meta property=\"og:title\" content=\"Chaleco Pro Lite Mujer - ZAIK\" \/>\n<meta property=\"og:description\" content=\"Chaleco Pro lite de mujer, cortavientos y transpirable . Dise\u00f1o funcional con cremallera doble y acceso a bolsillos. Ligero, compacto y elegante.\" \/>\n<meta property=\"og:url\" content=\"https:\/\/zaik.cc\/eu\/produktua\/chaleco-pro-lite-mujer\/\" \/>\n<meta property=\"og:site_name\" content=\"ZAIK\" \/>\n<meta property=\"article:modified_time\" content=\"2025-11-12T10:05:30+00:00\" \/>\n<meta property=\"og:image\" content=\"https:\/\/zaik.cc\/wp-content\/uploads\/2024\/12\/El-regalo-The-gift-Oparia-Le-cadeau-41-1.png\" \/>\n\t<meta property=\"og:image:width\" content=\"1141\" \/>\n\t<meta property=\"og:image:height\" content=\"1631\" \/>\n\t<meta property=\"og:image:type\" content=\"image\/png\" \/>\n<meta name=\"twitter:card\" content=\"summary_large_image\" \/>\n<meta name=\"twitter:label1\" content=\"Est. reading time\" \/>\n\t<meta name=\"twitter:data1\" content=\"2 minutua\" \/>\n<script type=\"application\/ld+json\" class=\"yoast-schema-graph\">{\"@context\":\"https:\/\/schema.org\",\"@graph\":[{\"@type\":\"WebPage\",\"@id\":\"https:\/\/zaik.cc\/producto\/chaleco-pro-lite-mujer\/\",\"url\":\"https:\/\/zaik.cc\/producto\/chaleco-pro-lite-mujer\/\",\"name\":\"Chaleco Pro Lite Mujer - ZAIK\",\"isPartOf\":{\"@id\":\"https:\/\/zaik.cc\/#website\"},\"primaryImageOfPage\":{\"@id\":\"https:\/\/zaik.cc\/producto\/chaleco-pro-lite-mujer\/#primaryimage\"},\"image\":{\"@id\":\"https:\/\/zaik.cc\/producto\/chaleco-pro-lite-mujer\/#primaryimage\"},\"thumbnailUrl\":\"https:\/\/zaik.cc\/wp-content\/uploads\/2024\/12\/El-regalo-The-gift-Oparia-Le-cadeau-41-1.png\",\"datePublished\":\"2024-12-21T12:04:47+00:00\",\"dateModified\":\"2025-11-12T10:05:30+00:00\",\"description\":\"Chaleco Pro lite de mujer, cortavientos y transpirable . Dise\u00f1o funcional con cremallera doble y acceso a bolsillos. Ligero, compacto y elegante.\",\"breadcrumb\":{\"@id\":\"https:\/\/zaik.cc\/producto\/chaleco-pro-lite-mujer\/#breadcrumb\"},\"inLanguage\":\"eu\",\"potentialAction\":[{\"@type\":\"ReadAction\",\"target\":[\"https:\/\/zaik.cc\/producto\/chaleco-pro-lite-mujer\/\"]}]},{\"@type\":\"ImageObject\",\"inLanguage\":\"eu\",\"@id\":\"https:\/\/zaik.cc\/producto\/chaleco-pro-lite-mujer\/#primaryimage\",\"url\":\"https:\/\/zaik.cc\/wp-content\/uploads\/2024\/12\/El-regalo-The-gift-Oparia-Le-cadeau-41-1.png\",\"contentUrl\":\"https:\/\/zaik.cc\/wp-content\/uploads\/2024\/12\/El-regalo-The-gift-Oparia-Le-cadeau-41-1.png\",\"width\":1141,\"height\":1631},{\"@type\":\"BreadcrumbList\",\"@id\":\"https:\/\/zaik.cc\/producto\/chaleco-pro-lite-mujer\/#breadcrumb\",\"itemListElement\":[{\"@type\":\"ListItem\",\"position\":1,\"name\":\"Home\",\"item\":\"https:\/\/zaik.cc\/\"},{\"@type\":\"ListItem\",\"position\":2,\"name\":\"Products\",\"item\":\"https:\/\/zaik.cc\/tienda__trashed\/\"},{\"@type\":\"ListItem\",\"position\":3,\"name\":\"Chaleco Pro Lite Mujer\"}]},{\"@type\":\"WebSite\",\"@id\":\"https:\/\/zaik.cc\/#website\",\"url\":\"https:\/\/zaik.cc\/\",\"name\":\"ZAIK.CC\",\"description\":\"Cycling community\",\"publisher\":{\"@id\":\"https:\/\/zaik.cc\/#organization\"},\"potentialAction\":[{\"@type\":\"SearchAction\",\"target\":{\"@type\":\"EntryPoint\",\"urlTemplate\":\"https:\/\/zaik.cc\/?s={search_term_string}\"},\"query-input\":{\"@type\":\"PropertyValueSpecification\",\"valueRequired\":true,\"valueName\":\"search_term_string\"}}],\"inLanguage\":\"eu\"},{\"@type\":\"Organization\",\"@id\":\"https:\/\/zaik.cc\/#organization\",\"name\":\"ZAIK.CC\",\"url\":\"https:\/\/zaik.cc\/\",\"logo\":{\"@type\":\"ImageObject\",\"inLanguage\":\"eu\",\"@id\":\"https:\/\/zaik.cc\/#\/schema\/logo\/image\/\",\"url\":\"https:\/\/zaik.cc\/wp-content\/uploads\/2023\/11\/ZAIK-logo.png\",\"contentUrl\":\"https:\/\/zaik.cc\/wp-content\/uploads\/2023\/11\/ZAIK-logo.png\",\"width\":3746,\"height\":2337,\"caption\":\"ZAIK.CC\"},\"image\":{\"@id\":\"https:\/\/zaik.cc\/#\/schema\/logo\/image\/\"},\"sameAs\":[\"https:\/\/www.instagram.com\/zaik__cc\/\"]}]}<\/script>\n<!-- \/ Yoast SEO plugin. -->","yoast_head_json":{"title":"Chaleco Pro Lite Mujer - ZAIK","description":"Chaleco Pro lite de mujer, cortavientos y transpirable . Dise\u00f1o funcional con cremallera doble y acceso a bolsillos. Ligero, compacto y elegante.","robots":{"index":"index","follow":"follow","max-snippet":"max-snippet:-1","max-image-preview":"max-image-preview:large","max-video-preview":"max-video-preview:-1"},"canonical":"https:\/\/zaik.cc\/eu\/produktua\/chaleco-pro-lite-mujer\/","og_locale":"en_US","og_type":"article","og_title":"Chaleco Pro Lite Mujer - ZAIK","og_description":"Chaleco Pro lite de mujer, cortavientos y transpirable . Dise\u00f1o funcional con cremallera doble y acceso a bolsillos. Ligero, compacto y elegante.","og_url":"https:\/\/zaik.cc\/eu\/produktua\/chaleco-pro-lite-mujer\/","og_site_name":"ZAIK","article_modified_time":"2025-11-12T10:05:30+00:00","og_image":[{"width":1141,"height":1631,"url":"https:\/\/zaik.cc\/wp-content\/uploads\/2024\/12\/El-regalo-The-gift-Oparia-Le-cadeau-41-1.png","type":"image\/png"}],"twitter_card":"summary_large_image","twitter_misc":{"Est. reading time":"2 minutua"},"schema":{"@context":"https:\/\/schema.org","@graph":[{"@type":"WebPage","@id":"https:\/\/zaik.cc\/producto\/chaleco-pro-lite-mujer\/","url":"https:\/\/zaik.cc\/producto\/chaleco-pro-lite-mujer\/","name":"Chaleco Pro Lite Mujer - ZAIK","isPartOf":{"@id":"https:\/\/zaik.cc\/#website"},"primaryImageOfPage":{"@id":"https:\/\/zaik.cc\/producto\/chaleco-pro-lite-mujer\/#primaryimage"},"image":{"@id":"https:\/\/zaik.cc\/producto\/chaleco-pro-lite-mujer\/#primaryimage"},"thumbnailUrl":"https:\/\/zaik.cc\/wp-content\/uploads\/2024\/12\/El-regalo-The-gift-Oparia-Le-cadeau-41-1.png","datePublished":"2024-12-21T12:04:47+00:00","dateModified":"2025-11-12T10:05:30+00:00","description":"Chaleco Pro lite de mujer, cortavientos y transpirable . Dise\u00f1o funcional con cremallera doble y acceso a bolsillos. Ligero, compacto y elegante.","breadcrumb":{"@id":"https:\/\/zaik.cc\/producto\/chaleco-pro-lite-mujer\/#breadcrumb"},"inLanguage":"eu","potentialAction":[{"@type":"ReadAction","target":["https:\/\/zaik.cc\/producto\/chaleco-pro-lite-mujer\/"]}]},{"@type":"ImageObject","inLanguage":"eu","@id":"https:\/\/zaik.cc\/producto\/chaleco-pro-lite-mujer\/#primaryimage","url":"https:\/\/zaik.cc\/wp-content\/uploads\/2024\/12\/El-regalo-The-gift-Oparia-Le-cadeau-41-1.png","contentUrl":"https:\/\/zaik.cc\/wp-content\/uploads\/2024\/12\/El-regalo-The-gift-Oparia-Le-cadeau-41-1.png","width":1141,"height":1631},{"@type":"BreadcrumbList","@id":"https:\/\/zaik.cc\/producto\/chaleco-pro-lite-mujer\/#breadcrumb","itemListElement":[{"@type":"ListItem","position":1,"name":"Home","item":"https:\/\/zaik.cc\/"},{"@type":"ListItem","position":2,"name":"Products","item":"https:\/\/zaik.cc\/tienda__trashed\/"},{"@type":"ListItem","position":3,"name":"Chaleco Pro Lite Mujer"}]},{"@type":"WebSite","@id":"https:\/\/zaik.cc\/#website","url":"https:\/\/zaik.cc\/","name":"ZAIK.CC","description":"Cycling community","publisher":{"@id":"https:\/\/zaik.cc\/#organization"},"potentialAction":[{"@type":"SearchAction","target":{"@type":"EntryPoint","urlTemplate":"https:\/\/zaik.cc\/?s={search_term_string}"},"query-input":{"@type":"PropertyValueSpecification","valueRequired":true,"valueName":"search_term_string"}}],"inLanguage":"eu"},{"@type":"Organization","@id":"https:\/\/zaik.cc\/#organization","name":"ZAIK.CC","url":"https:\/\/zaik.cc\/","logo":{"@type":"ImageObject","inLanguage":"eu","@id":"https:\/\/zaik.cc\/#\/schema\/logo\/image\/","url":"https:\/\/zaik.cc\/wp-content\/uploads\/2023\/11\/ZAIK-logo.png","contentUrl":"https:\/\/zaik.cc\/wp-content\/uploads\/2023\/11\/ZAIK-logo.png","width":3746,"height":2337,"caption":"ZAIK.CC"},"image":{"@id":"https:\/\/zaik.cc\/#\/schema\/logo\/image\/"},"sameAs":["https:\/\/www.instagram.com\/zaik__cc\/"]}]}},"_links":{"self":[{"href":"https:\/\/zaik.cc\/eu\/wp-json\/wp\/v2\/product\/2429","targetHints":{"allow":["GET"]}}],"collection":[{"href":"https:\/\/zaik.cc\/eu\/wp-json\/wp\/v2\/product"}],"about":[{"href":"https:\/\/zaik.cc\/eu\/wp-json\/wp\/v2\/types\/product"}],"wp:featuredmedia":[{"embeddable":true,"href":"https:\/\/zaik.cc\/eu\/wp-json\/wp\/v2\/media\/2647"}],"wp:attachment":[{"href":"https:\/\/zaik.cc\/eu\/wp-json\/wp\/v2\/media?parent=2429"}],"wp:term":[{"taxonomy":"product_brand","embeddable":true,"href":"https:\/\/zaik.cc\/eu\/wp-json\/wp\/v2\/product_brand?post=2429"},{"taxonomy":"product_cat","embeddable":true,"href":"https:\/\/zaik.cc\/eu\/wp-json\/wp\/v2\/product_cat?post=2429"},{"taxonomy":"product_tag","embeddable":true,"href":"https:\/\/zaik.cc\/eu\/wp-json\/wp\/v2\/product_tag?post=2429"}],"curies":[{"name":"wp","href":"https:\/\/api.w.org\/{rel}","templated":true}]}}