{"id":3153,"date":"2025-06-17T11:44:47","date_gmt":"2025-06-17T09:44:47","guid":{"rendered":"https:\/\/zaik.cc\/?post_type=product&#038;p=3153"},"modified":"2025-10-21T12:52:20","modified_gmt":"2025-10-21T10:52:20","slug":"camiseta-training-aqua-woman","status":"publish","type":"product","link":"https:\/\/zaik.cc\/eu\/produktua\/camiseta-training-aqua-woman\/","title":{"rendered":"Camiseta Training Aqua Woman"},"content":{"rendered":"<p>Dise\u00f1ada para acompa\u00f1arte en tus entrenamientos. La Camiseta Training Aqua Woman combina funcionalidad y dise\u00f1o en una prenda que se adapta a tu ritmo de vida activo. Fabricada con un tejido t\u00e9cnico, esta camiseta ofrece una sensaci\u00f3n ligera y transpirable que permite una \u00f3ptima circulaci\u00f3n del aire, manteni\u00e9ndote seco y c\u00f3modo incluso en las sesiones m\u00e1s intensas.<\/p>\n<p>En el dise\u00f1o, destaca con orgullo el mensaje Basque Cycling Community, un gui\u00f1o a nuestras ra\u00edces y a la comunidad ciclista que nos inspira. Esta camiseta no solo es una prenda t\u00e9cnica, sino tambi\u00e9n una declaraci\u00f3n de pertenencia a un colectivo que comparte valores de esfuerzo, superaci\u00f3n y pasi\u00f3n por el ciclismo.<\/p>\n<p>Su corte de manga corta proporciona total libertad de movimiento, mientras que su ajuste atl\u00e9tico se adapta al cuerpo sin restringir, garantizando confort en cada repetici\u00f3n, zancada o estiramiento. La Camiseta Training Aqua ha sido desarrollada pensando en deportistas, ciclistas y amantes del movimiento que buscan un equilibrio perfecto entre rendimiento y estilo.<\/p>\n<p>El color Aqua aporta un toque sofisticado y vers\u00e1til, ideal para quienes quieren destacar con discreci\u00f3n dentro y fuera del gimnasio.<\/p>\n<p>Adem\u00e1s, su confecci\u00f3n con materiales de secado r\u00e1pido ayuda a regular la temperatura corporal y evita la acumulaci\u00f3n de sudor, proporcionando una sensaci\u00f3n de frescura prolongada. La Camiseta Training Aqua es tambi\u00e9n resistente y f\u00e1cil de cuidar, lo que la convierte en una opci\u00f3n duradera para tu colecci\u00f3n deportiva.<\/p>\n<p>Entrenar con comodidad, identidad y prop\u00f3sito es posible con la Camiseta Training Aqua. \u00danete a la Basque Cycling Community y lleva contigo ese esp\u00edritu, dentro y fuera de la bici.<\/p>","protected":false},"excerpt":{"rendered":"<p>Dise\u00f1ada para acompa\u00f1arte en tus entrenamientos. La Camiseta Training Aqua Woman combina funcionalidad y dise\u00f1o en una prenda que se adapta a tu ritmo de vida activo. Fabricada con un tejido t\u00e9cnico, esta camiseta ofrece una sensaci\u00f3n ligera y transpirable que permite una \u00f3ptima circulaci\u00f3n del aire, manteni\u00e9ndote seco y c\u00f3modo incluso en las sesiones [&hellip;]<\/p>","protected":false},"featured_media":3173,"template":"","meta":{"_acf_changed":false},"product_brand":[],"product_cat":[32,180],"product_tag":[66,68,67],"class_list":{"0":"post-3153","1":"product","2":"type-product","3":"status-publish","4":"has-post-thumbnail","6":"product_cat-mujer","7":"product_cat-off-ride-mujer","8":"product_tag-camiseta-interior","9":"product_tag-camiseta-interior-merino","10":"product_tag-camiseta-termica","12":"first","13":"instock","14":"taxable","15":"shipping-taxable","16":"purchasable","17":"product-type-variable"},"acf":[],"yoast_head":"<!-- This site is optimized with the Yoast SEO plugin v26.4 - https:\/\/yoast.com\/wordpress\/plugins\/seo\/ -->\n<title>Camiseta Training Aqua Woman - ZAIK<\/title>\n<meta name=\"description\" content=\"Camiseta t\u00e9cnica y transpirable con dise\u00f1o &quot;Basque Cycling Community&quot;. Ligera, c\u00f3moda y perfecta para entrenar con estilo.\" \/>\n<meta name=\"robots\" content=\"index, follow, max-snippet:-1, max-image-preview:large, max-video-preview:-1\" \/>\n<link rel=\"canonical\" href=\"https:\/\/zaik.cc\/eu\/produktua\/camiseta-training-aqua-woman\/\" \/>\n<meta property=\"og:locale\" content=\"en_US\" \/>\n<meta property=\"og:type\" content=\"article\" \/>\n<meta property=\"og:title\" content=\"Camiseta Training Aqua Woman - ZAIK\" \/>\n<meta property=\"og:description\" content=\"Camiseta t\u00e9cnica y transpirable con dise\u00f1o &quot;Basque Cycling Community&quot;. Ligera, c\u00f3moda y perfecta para entrenar con estilo.\" \/>\n<meta property=\"og:url\" content=\"https:\/\/zaik.cc\/eu\/produktua\/camiseta-training-aqua-woman\/\" \/>\n<meta property=\"og:site_name\" content=\"ZAIK\" \/>\n<meta property=\"article:modified_time\" content=\"2025-10-21T10:52:20+00:00\" \/>\n<meta property=\"og:image\" content=\"https:\/\/zaik.cc\/wp-content\/uploads\/2025\/06\/Diseno_sin_titulo_31.png\" \/>\n\t<meta property=\"og:image:width\" content=\"1141\" \/>\n\t<meta property=\"og:image:height\" content=\"1631\" \/>\n\t<meta property=\"og:image:type\" content=\"image\/png\" \/>\n<meta name=\"twitter:card\" content=\"summary_large_image\" \/>\n<meta name=\"twitter:label1\" content=\"Est. reading time\" \/>\n\t<meta name=\"twitter:data1\" content=\"2 minutua\" \/>\n<script type=\"application\/ld+json\" class=\"yoast-schema-graph\">{\"@context\":\"https:\/\/schema.org\",\"@graph\":[{\"@type\":\"WebPage\",\"@id\":\"https:\/\/zaik.cc\/producto\/camiseta-training-aqua-woman\/\",\"url\":\"https:\/\/zaik.cc\/producto\/camiseta-training-aqua-woman\/\",\"name\":\"Camiseta Training Aqua Woman - ZAIK\",\"isPartOf\":{\"@id\":\"https:\/\/zaik.cc\/#website\"},\"primaryImageOfPage\":{\"@id\":\"https:\/\/zaik.cc\/producto\/camiseta-training-aqua-woman\/#primaryimage\"},\"image\":{\"@id\":\"https:\/\/zaik.cc\/producto\/camiseta-training-aqua-woman\/#primaryimage\"},\"thumbnailUrl\":\"https:\/\/zaik.cc\/wp-content\/uploads\/2025\/06\/Diseno_sin_titulo_31.png\",\"datePublished\":\"2025-06-17T09:44:47+00:00\",\"dateModified\":\"2025-10-21T10:52:20+00:00\",\"description\":\"Camiseta t\u00e9cnica y transpirable con dise\u00f1o \\\"Basque Cycling Community\\\". Ligera, c\u00f3moda y perfecta para entrenar con estilo.\",\"breadcrumb\":{\"@id\":\"https:\/\/zaik.cc\/producto\/camiseta-training-aqua-woman\/#breadcrumb\"},\"inLanguage\":\"eu\",\"potentialAction\":[{\"@type\":\"ReadAction\",\"target\":[\"https:\/\/zaik.cc\/producto\/camiseta-training-aqua-woman\/\"]}]},{\"@type\":\"ImageObject\",\"inLanguage\":\"eu\",\"@id\":\"https:\/\/zaik.cc\/producto\/camiseta-training-aqua-woman\/#primaryimage\",\"url\":\"https:\/\/zaik.cc\/wp-content\/uploads\/2025\/06\/Diseno_sin_titulo_31.png\",\"contentUrl\":\"https:\/\/zaik.cc\/wp-content\/uploads\/2025\/06\/Diseno_sin_titulo_31.png\",\"width\":1141,\"height\":1631},{\"@type\":\"BreadcrumbList\",\"@id\":\"https:\/\/zaik.cc\/producto\/camiseta-training-aqua-woman\/#breadcrumb\",\"itemListElement\":[{\"@type\":\"ListItem\",\"position\":1,\"name\":\"Home\",\"item\":\"https:\/\/zaik.cc\/\"},{\"@type\":\"ListItem\",\"position\":2,\"name\":\"Products\",\"item\":\"https:\/\/zaik.cc\/tienda__trashed\/\"},{\"@type\":\"ListItem\",\"position\":3,\"name\":\"Camiseta Training Aqua Woman\"}]},{\"@type\":\"WebSite\",\"@id\":\"https:\/\/zaik.cc\/#website\",\"url\":\"https:\/\/zaik.cc\/\",\"name\":\"ZAIK.CC\",\"description\":\"Cycling community\",\"publisher\":{\"@id\":\"https:\/\/zaik.cc\/#organization\"},\"potentialAction\":[{\"@type\":\"SearchAction\",\"target\":{\"@type\":\"EntryPoint\",\"urlTemplate\":\"https:\/\/zaik.cc\/?s={search_term_string}\"},\"query-input\":{\"@type\":\"PropertyValueSpecification\",\"valueRequired\":true,\"valueName\":\"search_term_string\"}}],\"inLanguage\":\"eu\"},{\"@type\":\"Organization\",\"@id\":\"https:\/\/zaik.cc\/#organization\",\"name\":\"ZAIK.CC\",\"url\":\"https:\/\/zaik.cc\/\",\"logo\":{\"@type\":\"ImageObject\",\"inLanguage\":\"eu\",\"@id\":\"https:\/\/zaik.cc\/#\/schema\/logo\/image\/\",\"url\":\"https:\/\/zaik.cc\/wp-content\/uploads\/2023\/11\/ZAIK-logo.png\",\"contentUrl\":\"https:\/\/zaik.cc\/wp-content\/uploads\/2023\/11\/ZAIK-logo.png\",\"width\":3746,\"height\":2337,\"caption\":\"ZAIK.CC\"},\"image\":{\"@id\":\"https:\/\/zaik.cc\/#\/schema\/logo\/image\/\"},\"sameAs\":[\"https:\/\/www.instagram.com\/zaik__cc\/\"]}]}<\/script>\n<!-- \/ Yoast SEO plugin. -->","yoast_head_json":{"title":"Camiseta Training Aqua Woman - ZAIK","description":"Camiseta t\u00e9cnica y transpirable con dise\u00f1o \"Basque Cycling Community\". Ligera, c\u00f3moda y perfecta para entrenar con estilo.","robots":{"index":"index","follow":"follow","max-snippet":"max-snippet:-1","max-image-preview":"max-image-preview:large","max-video-preview":"max-video-preview:-1"},"canonical":"https:\/\/zaik.cc\/eu\/produktua\/camiseta-training-aqua-woman\/","og_locale":"en_US","og_type":"article","og_title":"Camiseta Training Aqua Woman - ZAIK","og_description":"Camiseta t\u00e9cnica y transpirable con dise\u00f1o \"Basque Cycling Community\". Ligera, c\u00f3moda y perfecta para entrenar con estilo.","og_url":"https:\/\/zaik.cc\/eu\/produktua\/camiseta-training-aqua-woman\/","og_site_name":"ZAIK","article_modified_time":"2025-10-21T10:52:20+00:00","og_image":[{"width":1141,"height":1631,"url":"https:\/\/zaik.cc\/wp-content\/uploads\/2025\/06\/Diseno_sin_titulo_31.png","type":"image\/png"}],"twitter_card":"summary_large_image","twitter_misc":{"Est. reading time":"2 minutua"},"schema":{"@context":"https:\/\/schema.org","@graph":[{"@type":"WebPage","@id":"https:\/\/zaik.cc\/producto\/camiseta-training-aqua-woman\/","url":"https:\/\/zaik.cc\/producto\/camiseta-training-aqua-woman\/","name":"Camiseta Training Aqua Woman - ZAIK","isPartOf":{"@id":"https:\/\/zaik.cc\/#website"},"primaryImageOfPage":{"@id":"https:\/\/zaik.cc\/producto\/camiseta-training-aqua-woman\/#primaryimage"},"image":{"@id":"https:\/\/zaik.cc\/producto\/camiseta-training-aqua-woman\/#primaryimage"},"thumbnailUrl":"https:\/\/zaik.cc\/wp-content\/uploads\/2025\/06\/Diseno_sin_titulo_31.png","datePublished":"2025-06-17T09:44:47+00:00","dateModified":"2025-10-21T10:52:20+00:00","description":"Camiseta t\u00e9cnica y transpirable con dise\u00f1o \"Basque Cycling Community\". Ligera, c\u00f3moda y perfecta para entrenar con estilo.","breadcrumb":{"@id":"https:\/\/zaik.cc\/producto\/camiseta-training-aqua-woman\/#breadcrumb"},"inLanguage":"eu","potentialAction":[{"@type":"ReadAction","target":["https:\/\/zaik.cc\/producto\/camiseta-training-aqua-woman\/"]}]},{"@type":"ImageObject","inLanguage":"eu","@id":"https:\/\/zaik.cc\/producto\/camiseta-training-aqua-woman\/#primaryimage","url":"https:\/\/zaik.cc\/wp-content\/uploads\/2025\/06\/Diseno_sin_titulo_31.png","contentUrl":"https:\/\/zaik.cc\/wp-content\/uploads\/2025\/06\/Diseno_sin_titulo_31.png","width":1141,"height":1631},{"@type":"BreadcrumbList","@id":"https:\/\/zaik.cc\/producto\/camiseta-training-aqua-woman\/#breadcrumb","itemListElement":[{"@type":"ListItem","position":1,"name":"Home","item":"https:\/\/zaik.cc\/"},{"@type":"ListItem","position":2,"name":"Products","item":"https:\/\/zaik.cc\/tienda__trashed\/"},{"@type":"ListItem","position":3,"name":"Camiseta Training Aqua Woman"}]},{"@type":"WebSite","@id":"https:\/\/zaik.cc\/#website","url":"https:\/\/zaik.cc\/","name":"ZAIK.CC","description":"Cycling community","publisher":{"@id":"https:\/\/zaik.cc\/#organization"},"potentialAction":[{"@type":"SearchAction","target":{"@type":"EntryPoint","urlTemplate":"https:\/\/zaik.cc\/?s={search_term_string}"},"query-input":{"@type":"PropertyValueSpecification","valueRequired":true,"valueName":"search_term_string"}}],"inLanguage":"eu"},{"@type":"Organization","@id":"https:\/\/zaik.cc\/#organization","name":"ZAIK.CC","url":"https:\/\/zaik.cc\/","logo":{"@type":"ImageObject","inLanguage":"eu","@id":"https:\/\/zaik.cc\/#\/schema\/logo\/image\/","url":"https:\/\/zaik.cc\/wp-content\/uploads\/2023\/11\/ZAIK-logo.png","contentUrl":"https:\/\/zaik.cc\/wp-content\/uploads\/2023\/11\/ZAIK-logo.png","width":3746,"height":2337,"caption":"ZAIK.CC"},"image":{"@id":"https:\/\/zaik.cc\/#\/schema\/logo\/image\/"},"sameAs":["https:\/\/www.instagram.com\/zaik__cc\/"]}]}},"_links":{"self":[{"href":"https:\/\/zaik.cc\/eu\/wp-json\/wp\/v2\/product\/3153","targetHints":{"allow":["GET"]}}],"collection":[{"href":"https:\/\/zaik.cc\/eu\/wp-json\/wp\/v2\/product"}],"about":[{"href":"https:\/\/zaik.cc\/eu\/wp-json\/wp\/v2\/types\/product"}],"wp:featuredmedia":[{"embeddable":true,"href":"https:\/\/zaik.cc\/eu\/wp-json\/wp\/v2\/media\/3173"}],"wp:attachment":[{"href":"https:\/\/zaik.cc\/eu\/wp-json\/wp\/v2\/media?parent=3153"}],"wp:term":[{"taxonomy":"product_brand","embeddable":true,"href":"https:\/\/zaik.cc\/eu\/wp-json\/wp\/v2\/product_brand?post=3153"},{"taxonomy":"product_cat","embeddable":true,"href":"https:\/\/zaik.cc\/eu\/wp-json\/wp\/v2\/product_cat?post=3153"},{"taxonomy":"product_tag","embeddable":true,"href":"https:\/\/zaik.cc\/eu\/wp-json\/wp\/v2\/product_tag?post=3153"}],"curies":[{"name":"wp","href":"https:\/\/api.w.org\/{rel}","templated":true}]}}