{"id":3218,"date":"2025-06-19T12:29:43","date_gmt":"2025-06-19T10:29:43","guid":{"rendered":"https:\/\/zaik.cc\/?post_type=product&#038;p=3218"},"modified":"2025-10-21T12:44:14","modified_gmt":"2025-10-21T10:44:14","slug":"gorra-ralden-cap-negro","status":"publish","type":"product","link":"https:\/\/zaik.cc\/eu\/produktua\/gorra-ralden-cap-negro\/","title":{"rendered":"Gorra Ralden Cap Negro"},"content":{"rendered":"<p>La gorra de b\u00e9isbol Backley de Zaik en color negro es una muestra del estilo contempor\u00e1neo que domina las tendencias actuales en accesorios urbanos. Su dise\u00f1o de cinco paneles est\u00e1 confeccionado en sarga de algod\u00f3n 100%, un material resistente y c\u00f3modo que le otorga un acabado cl\u00e1sico pero moderno.<\/p>\n<p>En la parte frontal, presenta un parche cosido con el logo de Zaik, aportando autenticidad y car\u00e1cter a la prenda. Para asegurar una buena transpiraci\u00f3n incluso en los d\u00edas m\u00e1s c\u00e1lidos, cuenta con cuatro ojales estrat\u00e9gicamente distribuidos que permiten una ventilaci\u00f3n eficiente.<\/p>\n<p>El interior est\u00e1 forrado con poli\u00e9ster y lleva una cinta de algod\u00f3n que mejora la comodidad al llevarla puesta durante largas horas. En la parte trasera, incorpora una tira ajustable que permite adaptarla f\u00e1cilmente a diferentes tallas, asegurando siempre un ajuste c\u00f3modo y seguro.<\/p>\n<p>Esta gorra no solo es funcional y resistente, sino tambi\u00e9n una declaraci\u00f3n de estilo que complementa cualquier look casual o urbano.<\/p>","protected":false},"excerpt":{"rendered":"<p>La gorra de b\u00e9isbol Backley de Zaik en color negro es una muestra del estilo contempor\u00e1neo que domina las tendencias actuales en accesorios urbanos. Su dise\u00f1o de cinco paneles est\u00e1 confeccionado en sarga de algod\u00f3n 100%, un material resistente y c\u00f3modo que le otorga un acabado cl\u00e1sico pero moderno. En la parte frontal, presenta un [&hellip;]<\/p>","protected":false},"featured_media":3220,"template":"","meta":{"_acf_changed":false},"product_brand":[],"product_cat":[31,35,25,32,179,180],"product_tag":[],"class_list":{"0":"post-3218","1":"product","2":"type-product","3":"status-publish","4":"has-post-thumbnail","6":"product_cat-accesorios-hombre","7":"product_cat-accesorios-mujer","8":"product_cat-hombre","9":"product_cat-mujer","10":"product_cat-off-ride-hombre","11":"product_cat-off-ride-mujer","13":"first","14":"instock","15":"taxable","16":"shipping-taxable","17":"purchasable","18":"product-type-variable"},"acf":[],"yoast_head":"<!-- This site is optimized with the Yoast SEO plugin v26.4 - https:\/\/yoast.com\/wordpress\/plugins\/seo\/ -->\n<title>Gorra Ralden Cap Negro - ZAIK<\/title>\n<meta name=\"description\" content=\"Gorra de b\u00e9isbol Ralden Cap de Zaik negro, de 5 paneles, hecha en sarga de algod\u00f3n con parche frontal y tira ajustable. Estilo urbano y comodidad duradera.\" \/>\n<meta name=\"robots\" content=\"index, follow, max-snippet:-1, max-image-preview:large, max-video-preview:-1\" \/>\n<link rel=\"canonical\" href=\"https:\/\/zaik.cc\/eu\/produktua\/gorra-ralden-cap-negro\/\" \/>\n<meta property=\"og:locale\" content=\"en_US\" \/>\n<meta property=\"og:type\" content=\"article\" \/>\n<meta property=\"og:title\" content=\"Gorra Ralden Cap Negro - ZAIK\" \/>\n<meta property=\"og:description\" content=\"Gorra de b\u00e9isbol Ralden Cap de Zaik negro, de 5 paneles, hecha en sarga de algod\u00f3n con parche frontal y tira ajustable. Estilo urbano y comodidad duradera.\" \/>\n<meta property=\"og:url\" content=\"https:\/\/zaik.cc\/eu\/produktua\/gorra-ralden-cap-negro\/\" \/>\n<meta property=\"og:site_name\" content=\"ZAIK\" \/>\n<meta property=\"article:modified_time\" content=\"2025-10-21T10:44:14+00:00\" \/>\n<meta property=\"og:image\" content=\"https:\/\/zaik.cc\/wp-content\/uploads\/2025\/06\/Diseno_sin_titulo_291.png\" \/>\n\t<meta property=\"og:image:width\" content=\"1141\" \/>\n\t<meta property=\"og:image:height\" content=\"1631\" \/>\n\t<meta property=\"og:image:type\" content=\"image\/png\" \/>\n<meta name=\"twitter:card\" content=\"summary_large_image\" \/>\n<meta name=\"twitter:label1\" content=\"Est. reading time\" \/>\n\t<meta name=\"twitter:data1\" content=\"1 minutua\" \/>\n<script type=\"application\/ld+json\" class=\"yoast-schema-graph\">{\"@context\":\"https:\/\/schema.org\",\"@graph\":[{\"@type\":\"WebPage\",\"@id\":\"https:\/\/zaik.cc\/producto\/gorra-ralden-cap-negro\/\",\"url\":\"https:\/\/zaik.cc\/producto\/gorra-ralden-cap-negro\/\",\"name\":\"Gorra Ralden Cap Negro - ZAIK\",\"isPartOf\":{\"@id\":\"https:\/\/zaik.cc\/#website\"},\"primaryImageOfPage\":{\"@id\":\"https:\/\/zaik.cc\/producto\/gorra-ralden-cap-negro\/#primaryimage\"},\"image\":{\"@id\":\"https:\/\/zaik.cc\/producto\/gorra-ralden-cap-negro\/#primaryimage\"},\"thumbnailUrl\":\"https:\/\/zaik.cc\/wp-content\/uploads\/2025\/06\/Diseno_sin_titulo_291.png\",\"datePublished\":\"2025-06-19T10:29:43+00:00\",\"dateModified\":\"2025-10-21T10:44:14+00:00\",\"description\":\"Gorra de b\u00e9isbol Ralden Cap de Zaik negro, de 5 paneles, hecha en sarga de algod\u00f3n con parche frontal y tira ajustable. Estilo urbano y comodidad duradera.\",\"breadcrumb\":{\"@id\":\"https:\/\/zaik.cc\/producto\/gorra-ralden-cap-negro\/#breadcrumb\"},\"inLanguage\":\"eu\",\"potentialAction\":[{\"@type\":\"ReadAction\",\"target\":[\"https:\/\/zaik.cc\/producto\/gorra-ralden-cap-negro\/\"]}]},{\"@type\":\"ImageObject\",\"inLanguage\":\"eu\",\"@id\":\"https:\/\/zaik.cc\/producto\/gorra-ralden-cap-negro\/#primaryimage\",\"url\":\"https:\/\/zaik.cc\/wp-content\/uploads\/2025\/06\/Diseno_sin_titulo_291.png\",\"contentUrl\":\"https:\/\/zaik.cc\/wp-content\/uploads\/2025\/06\/Diseno_sin_titulo_291.png\",\"width\":1141,\"height\":1631},{\"@type\":\"BreadcrumbList\",\"@id\":\"https:\/\/zaik.cc\/producto\/gorra-ralden-cap-negro\/#breadcrumb\",\"itemListElement\":[{\"@type\":\"ListItem\",\"position\":1,\"name\":\"Home\",\"item\":\"https:\/\/zaik.cc\/\"},{\"@type\":\"ListItem\",\"position\":2,\"name\":\"Products\",\"item\":\"https:\/\/zaik.cc\/tienda__trashed\/\"},{\"@type\":\"ListItem\",\"position\":3,\"name\":\"Gorra Ralden Cap Negro\"}]},{\"@type\":\"WebSite\",\"@id\":\"https:\/\/zaik.cc\/#website\",\"url\":\"https:\/\/zaik.cc\/\",\"name\":\"ZAIK.CC\",\"description\":\"Cycling community\",\"publisher\":{\"@id\":\"https:\/\/zaik.cc\/#organization\"},\"potentialAction\":[{\"@type\":\"SearchAction\",\"target\":{\"@type\":\"EntryPoint\",\"urlTemplate\":\"https:\/\/zaik.cc\/?s={search_term_string}\"},\"query-input\":{\"@type\":\"PropertyValueSpecification\",\"valueRequired\":true,\"valueName\":\"search_term_string\"}}],\"inLanguage\":\"eu\"},{\"@type\":\"Organization\",\"@id\":\"https:\/\/zaik.cc\/#organization\",\"name\":\"ZAIK.CC\",\"url\":\"https:\/\/zaik.cc\/\",\"logo\":{\"@type\":\"ImageObject\",\"inLanguage\":\"eu\",\"@id\":\"https:\/\/zaik.cc\/#\/schema\/logo\/image\/\",\"url\":\"https:\/\/zaik.cc\/wp-content\/uploads\/2023\/11\/ZAIK-logo.png\",\"contentUrl\":\"https:\/\/zaik.cc\/wp-content\/uploads\/2023\/11\/ZAIK-logo.png\",\"width\":3746,\"height\":2337,\"caption\":\"ZAIK.CC\"},\"image\":{\"@id\":\"https:\/\/zaik.cc\/#\/schema\/logo\/image\/\"},\"sameAs\":[\"https:\/\/www.instagram.com\/zaik__cc\/\"]}]}<\/script>\n<!-- \/ Yoast SEO plugin. -->","yoast_head_json":{"title":"Gorra Ralden Cap Negro - ZAIK","description":"Gorra de b\u00e9isbol Ralden Cap de Zaik negro, de 5 paneles, hecha en sarga de algod\u00f3n con parche frontal y tira ajustable. Estilo urbano y comodidad duradera.","robots":{"index":"index","follow":"follow","max-snippet":"max-snippet:-1","max-image-preview":"max-image-preview:large","max-video-preview":"max-video-preview:-1"},"canonical":"https:\/\/zaik.cc\/eu\/produktua\/gorra-ralden-cap-negro\/","og_locale":"en_US","og_type":"article","og_title":"Gorra Ralden Cap Negro - ZAIK","og_description":"Gorra de b\u00e9isbol Ralden Cap de Zaik negro, de 5 paneles, hecha en sarga de algod\u00f3n con parche frontal y tira ajustable. Estilo urbano y comodidad duradera.","og_url":"https:\/\/zaik.cc\/eu\/produktua\/gorra-ralden-cap-negro\/","og_site_name":"ZAIK","article_modified_time":"2025-10-21T10:44:14+00:00","og_image":[{"width":1141,"height":1631,"url":"https:\/\/zaik.cc\/wp-content\/uploads\/2025\/06\/Diseno_sin_titulo_291.png","type":"image\/png"}],"twitter_card":"summary_large_image","twitter_misc":{"Est. reading time":"1 minutua"},"schema":{"@context":"https:\/\/schema.org","@graph":[{"@type":"WebPage","@id":"https:\/\/zaik.cc\/producto\/gorra-ralden-cap-negro\/","url":"https:\/\/zaik.cc\/producto\/gorra-ralden-cap-negro\/","name":"Gorra Ralden Cap Negro - ZAIK","isPartOf":{"@id":"https:\/\/zaik.cc\/#website"},"primaryImageOfPage":{"@id":"https:\/\/zaik.cc\/producto\/gorra-ralden-cap-negro\/#primaryimage"},"image":{"@id":"https:\/\/zaik.cc\/producto\/gorra-ralden-cap-negro\/#primaryimage"},"thumbnailUrl":"https:\/\/zaik.cc\/wp-content\/uploads\/2025\/06\/Diseno_sin_titulo_291.png","datePublished":"2025-06-19T10:29:43+00:00","dateModified":"2025-10-21T10:44:14+00:00","description":"Gorra de b\u00e9isbol Ralden Cap de Zaik negro, de 5 paneles, hecha en sarga de algod\u00f3n con parche frontal y tira ajustable. Estilo urbano y comodidad duradera.","breadcrumb":{"@id":"https:\/\/zaik.cc\/producto\/gorra-ralden-cap-negro\/#breadcrumb"},"inLanguage":"eu","potentialAction":[{"@type":"ReadAction","target":["https:\/\/zaik.cc\/producto\/gorra-ralden-cap-negro\/"]}]},{"@type":"ImageObject","inLanguage":"eu","@id":"https:\/\/zaik.cc\/producto\/gorra-ralden-cap-negro\/#primaryimage","url":"https:\/\/zaik.cc\/wp-content\/uploads\/2025\/06\/Diseno_sin_titulo_291.png","contentUrl":"https:\/\/zaik.cc\/wp-content\/uploads\/2025\/06\/Diseno_sin_titulo_291.png","width":1141,"height":1631},{"@type":"BreadcrumbList","@id":"https:\/\/zaik.cc\/producto\/gorra-ralden-cap-negro\/#breadcrumb","itemListElement":[{"@type":"ListItem","position":1,"name":"Home","item":"https:\/\/zaik.cc\/"},{"@type":"ListItem","position":2,"name":"Products","item":"https:\/\/zaik.cc\/tienda__trashed\/"},{"@type":"ListItem","position":3,"name":"Gorra Ralden Cap Negro"}]},{"@type":"WebSite","@id":"https:\/\/zaik.cc\/#website","url":"https:\/\/zaik.cc\/","name":"ZAIK.CC","description":"Cycling community","publisher":{"@id":"https:\/\/zaik.cc\/#organization"},"potentialAction":[{"@type":"SearchAction","target":{"@type":"EntryPoint","urlTemplate":"https:\/\/zaik.cc\/?s={search_term_string}"},"query-input":{"@type":"PropertyValueSpecification","valueRequired":true,"valueName":"search_term_string"}}],"inLanguage":"eu"},{"@type":"Organization","@id":"https:\/\/zaik.cc\/#organization","name":"ZAIK.CC","url":"https:\/\/zaik.cc\/","logo":{"@type":"ImageObject","inLanguage":"eu","@id":"https:\/\/zaik.cc\/#\/schema\/logo\/image\/","url":"https:\/\/zaik.cc\/wp-content\/uploads\/2023\/11\/ZAIK-logo.png","contentUrl":"https:\/\/zaik.cc\/wp-content\/uploads\/2023\/11\/ZAIK-logo.png","width":3746,"height":2337,"caption":"ZAIK.CC"},"image":{"@id":"https:\/\/zaik.cc\/#\/schema\/logo\/image\/"},"sameAs":["https:\/\/www.instagram.com\/zaik__cc\/"]}]}},"_links":{"self":[{"href":"https:\/\/zaik.cc\/eu\/wp-json\/wp\/v2\/product\/3218","targetHints":{"allow":["GET"]}}],"collection":[{"href":"https:\/\/zaik.cc\/eu\/wp-json\/wp\/v2\/product"}],"about":[{"href":"https:\/\/zaik.cc\/eu\/wp-json\/wp\/v2\/types\/product"}],"wp:featuredmedia":[{"embeddable":true,"href":"https:\/\/zaik.cc\/eu\/wp-json\/wp\/v2\/media\/3220"}],"wp:attachment":[{"href":"https:\/\/zaik.cc\/eu\/wp-json\/wp\/v2\/media?parent=3218"}],"wp:term":[{"taxonomy":"product_brand","embeddable":true,"href":"https:\/\/zaik.cc\/eu\/wp-json\/wp\/v2\/product_brand?post=3218"},{"taxonomy":"product_cat","embeddable":true,"href":"https:\/\/zaik.cc\/eu\/wp-json\/wp\/v2\/product_cat?post=3218"},{"taxonomy":"product_tag","embeddable":true,"href":"https:\/\/zaik.cc\/eu\/wp-json\/wp\/v2\/product_tag?post=3218"}],"curies":[{"name":"wp","href":"https:\/\/api.w.org\/{rel}","templated":true}]}}